{"id":7338,"date":"2026-03-01T18:38:31","date_gmt":"2026-03-01T18:38:31","guid":{"rendered":"https:\/\/alayatenerife.com\/?page_id=7338"},"modified":"2026-03-01T18:38:31","modified_gmt":"2026-03-01T18:38:31","slug":"normativa","status":"publish","type":"page","link":"https:\/\/alayatenerife.com\/uk\/normativa\/","title":{"rendered":"\u041f\u043e\u043b\u043e\u0436\u0435\u043d\u043d\u044f"},"content":{"rendered":"<p data-start=\"274\" data-end=\"382\"><strong>\u041f\u0456\u0434 \u0447\u0430\u0441 \u0431\u0440\u043e\u043d\u044e\u0432\u0430\u043d\u043d\u044f \u0432\u0438 \u043f\u0456\u0434\u0442\u0432\u0435\u0440\u0434\u0436\u0443\u0454\u0442\u0435, \u0449\u043e \u043f\u0440\u043e\u0447\u0438\u0442\u0430\u043b\u0438, \u0437\u0440\u043e\u0437\u0443\u043c\u0456\u043b\u0438 \u0442\u0430 \u043f\u043e\u0433\u043e\u0434\u0436\u0443\u0454\u0442\u0435\u0441\u044f \u0437 \u043d\u0430\u0441\u0442\u0443\u043f\u043d\u0438\u043c\u0438 \u043f\u0440\u0430\u0432\u0438\u043b\u0430\u043c\u0438:<\/strong><\/p>\n<p>- \u041d\u043e\u043c\u0435\u0440\u0438 Bubble \u0440\u043e\u0437\u0440\u0430\u0445\u043e\u0432\u0430\u043d\u0456 \u043c\u0430\u043a\u0441\u0438\u043c\u0443\u043c \u043d\u0430 2 \u0434\u043e\u0440\u043e\u0441\u043b\u0438\u0445.<\/p>\n<p>- \u0417\u0430\u0457\u0437\u0434 \u0437 14:00 \u0434\u043e 23:00.<\/p>\n<p>- \u0412\u0438\u0457\u0437\u0434 \u0434\u043e 12:00.<\/p>\n<p>- \u041f\u0456\u0437\u043d\u0456\u0439 \u0432\u0438\u0457\u0437\u0434 \u0442\u0456\u043b\u044c\u043a\u0438 \u0437\u0430 \u043d\u0430\u044f\u0432\u043d\u043e\u0441\u0442\u0456 \u0432\u0456\u043b\u044c\u043d\u0438\u0445 \u043d\u043e\u043c\u0435\u0440\u0456\u0432.<\/p>\n<p>- \u041a\u0443\u0440\u0456\u043d\u043d\u044f \u0432 Bubble Rooms \u0437\u0430\u0431\u043e\u0440\u043e\u043d\u0435\u043d\u043e. \u0423 \u0440\u0430\u0437\u0456 \u043d\u0435\u0434\u043e\u0442\u0440\u0438\u043c\u0430\u043d\u043d\u044f \u0446\u0456\u0454\u0457 \u0432\u0438\u043c\u043e\u0433\u0438 \u0441\u0442\u044f\u0433\u0443\u0454\u0442\u044c\u0441\u044f \u043f\u043b\u0430\u0442\u0430 \u0443 \u0440\u043e\u0437\u043c\u0456\u0440\u0456 300 \u0454\u0432\u0440\u043e \u0437\u0430 \u0441\u043f\u0435\u0446\u0456\u0430\u043b\u0456\u0437\u043e\u0432\u0430\u043d\u0435 \u043f\u0440\u0438\u0431\u0438\u0440\u0430\u043d\u043d\u044f.<\/p>\n<p data-start=\"842\" data-end=\"1055\">- \u0417\u0430\u0431\u043e\u0440\u043e\u043d\u044f\u0454\u0442\u044c\u0441\u044f \u0440\u043e\u0431\u0438\u0442\u0438 \u0431\u0443\u0434\u044c-\u044f\u043a\u0456 \u043f\u0440\u0438\u043a\u0440\u0430\u0441\u0438 \u0432\u0441\u0435\u0440\u0435\u0434\u0438\u043d\u0456 \u0431\u0443\u043b\u044c\u0431\u0430\u0448\u043a\u0438 \u0437\u0430 \u0434\u043e\u043f\u043e\u043c\u043e\u0433\u043e\u044e \u0441\u0432\u0456\u0447\u043e\u043a, \u0436\u0438\u0432\u0438\u0445 \u043f\u0435\u043b\u044e\u0441\u0442\u043e\u043a, \u043a\u043e\u043d\u0444\u0435\u0442\u0442\u0456 \u0430\u0431\u043e \u043a\u043b\u0435\u0439\u043a\u0438\u0445 \u0435\u043b\u0435\u043c\u0435\u043d\u0442\u0456\u0432. \u0411\u0443\u0434\u044c-\u044f\u043a\u0456 \u043f\u043e\u0448\u043a\u043e\u0434\u0436\u0435\u043d\u043d\u044f \u0430\u0431\u043e \u0434\u043e\u0434\u0430\u0442\u043a\u043e\u0432\u0435 \u043f\u0440\u0438\u0431\u0438\u0440\u0430\u043d\u043d\u044f \u0431\u0443\u0434\u0443\u0442\u044c \u043e\u043f\u043b\u0430\u0447\u0435\u043d\u0456 \u0433\u043e\u0441\u0442\u0435\u043c.<\/p>\n<p data-start=\"1059\" data-end=\"1212\">- \u0412\u0438\u043a\u043e\u0440\u0438\u0441\u0442\u0430\u043d\u043d\u044f \u0434\u0440\u043e\u043d\u0456\u0432 \u043d\u0435 \u0434\u043e\u0437\u0432\u043e\u043b\u044f\u0454\u0442\u044c\u0441\u044f \u0431\u0435\u0437 \u0441\u043f\u0435\u0446\u0456\u0430\u043b\u044c\u043d\u043e\u0433\u043e \u0434\u043e\u0437\u0432\u043e\u043b\u0443, \u043e\u0441\u043a\u0456\u043b\u044c\u043a\u0438 \u0446\u0435 \u043f\u0440\u0438\u0432\u0430\u0442\u043d\u0430 \u0432\u043b\u0430\u0441\u043d\u0456\u0441\u0442\u044c \u0456 \u043f\u0440\u0438\u0432\u0430\u0442\u043d\u0456\u0441\u0442\u044c \u0456\u043d\u0448\u0438\u0445 \u0433\u043e\u0441\u0442\u0435\u0439 \u043f\u043e\u0432\u0438\u043d\u043d\u0430 \u043f\u043e\u0432\u0430\u0436\u0430\u0442\u0438\u0441\u044f.<\/p>\n<p data-start=\"1216\" data-end=\"1300\">- \u041d\u0435\u043e\u0431\u0445\u0456\u0434\u043d\u043e \u0437\u0430\u0432\u0436\u0434\u0438 \u043f\u043e\u0432\u0430\u0436\u0430\u0442\u0438 \u0432\u0456\u0434\u043f\u043e\u0447\u0438\u043d\u043e\u043a \u0456 \u043f\u0440\u0438\u0432\u0430\u0442\u043d\u0456\u0441\u0442\u044c \u0456\u043d\u0448\u0438\u0445 \u0433\u043e\u0441\u0442\u0435\u0439.<\/p>\n<p data-start=\"1304\" data-end=\"1396\">- \u0417\u0430\u0431\u043e\u0440\u043e\u043d\u0435\u043d\u043e \u0440\u043e\u0437\u043f\u0430\u043b\u044e\u0432\u0430\u0442\u0438 \u0432\u043e\u0433\u043d\u0438\u0449\u0430, \u0432\u0438\u043a\u043e\u0440\u0438\u0441\u0442\u043e\u0432\u0443\u0432\u0430\u0442\u0438 \u0444\u0435\u0454\u0440\u0432\u0435\u0440\u043a\u0438 \u0442\u0430 \u0431\u0443\u0434\u044c-\u044f\u043a\u0456 \u043b\u0435\u0433\u043a\u043e\u0437\u0430\u0439\u043c\u0438\u0441\u0442\u0456 \u0435\u043b\u0435\u043c\u0435\u043d\u0442\u0438.<\/p>\n<p data-start=\"1400\" data-end=\"1527\">- \u0413\u0456\u0434\u0440\u043e\u043c\u0430\u0441\u0430\u0436\u043d\u0430 \u0432\u0430\u043d\u043d\u0430 \u043f\u043e\u0432\u0438\u043d\u043d\u0430 \u0432\u0438\u043a\u043e\u0440\u0438\u0441\u0442\u043e\u0432\u0443\u0432\u0430\u0442\u0438\u0441\u044f \u0432\u0456\u0434\u043f\u043e\u0432\u0456\u0434\u0430\u043b\u044c\u043d\u043e. \u041d\u0435 \u0434\u043e\u0437\u0432\u043e\u043b\u044f\u0454\u0442\u044c\u0441\u044f \u0432\u0441\u0442\u0430\u0432\u043b\u044f\u0442\u0438 \u0441\u043a\u043b\u043e \u0430\u0431\u043e \u043f\u0440\u0435\u0434\u043c\u0435\u0442\u0438, \u044f\u043a\u0456 \u043c\u043e\u0436\u0443\u0442\u044c \u043f\u043e\u0448\u043a\u043e\u0434\u0438\u0442\u0438 \u0441\u0438\u0441\u0442\u0435\u043c\u0443.<\/p>\n<p data-start=\"1531\" data-end=\"1712\">- \u0412\u0441\u0456 \u043f\u0440\u0435\u0434\u043c\u0435\u0442\u0438, \u043c\u0435\u0431\u043b\u0456 \u0442\u0430 \u0435\u043b\u0435\u043c\u0435\u043d\u0442\u0438 \u0434\u0435\u043a\u043e\u0440\u0443 \u0454 \u0447\u0430\u0441\u0442\u0438\u043d\u043e\u044e \u043f\u0440\u043e\u0436\u0438\u0432\u0430\u043d\u043d\u044f. \u0423 \u0440\u0430\u0437\u0456 \u043f\u043e\u0448\u043a\u043e\u0434\u0436\u0435\u043d\u043d\u044f \u0430\u0431\u043e \u043a\u0440\u0430\u0434\u0456\u0436\u043a\u0438 \u0441\u0442\u044f\u0433\u0443\u0454\u0442\u044c\u0441\u044f \u0432\u0456\u0434\u043f\u043e\u0432\u0456\u0434\u043d\u0430 \u0441\u0443\u043c\u0430.<\/p>\n<p data-start=\"1836\" data-end=\"1859\">- \u0414\u043e\u043c\u0430\u0448\u043d\u0456 \u0442\u0432\u0430\u0440\u0438\u043d\u0438 \u043d\u0435 \u0434\u043e\u043f\u0443\u0441\u043a\u0430\u044e\u0442\u044c\u0441\u044f.<\/p>\n<p data-start=\"1863\" data-end=\"2032\">- \u041a\u043e\u043c\u043f\u0430\u043d\u0456\u044f \u0437\u0430\u043b\u0438\u0448\u0430\u0454 \u0437\u0430 \u0441\u043e\u0431\u043e\u044e \u043f\u0440\u0430\u0432\u043e \u0441\u0442\u044f\u0433\u0443\u0432\u0430\u0442\u0438 \u043a\u043e\u0448\u0442\u0438 \u0437 \u043d\u0430\u0434\u0430\u043d\u043e\u0457 \u043a\u0430\u0440\u0442\u043a\u0438 \u0437\u0430 \u0434\u043e\u0434\u0430\u0442\u043a\u043e\u0432\u0456 \u043f\u043e\u0441\u043b\u0443\u0433\u0438, \u043f\u043e\u0448\u043a\u043e\u0434\u0436\u0435\u043d\u043d\u044f \u0430\u0431\u043e \u043d\u0435\u0434\u043e\u0442\u0440\u0438\u043c\u0430\u043d\u043d\u044f \u043f\u0440\u0430\u0432\u0438\u043b.<\/p>","protected":false},"excerpt":{"rendered":"<p>En el momento de realizar la reserva, usted confirma que ha le\u00eddo, entendido y acepta las siguientes normas: &#8211; Las Bubble Rooms est\u00e1n dise\u00f1adas para un m\u00e1ximo de 2 adultos. &#8211; Check in de 14:00h a 23:00. &#8211; Check out hasta las 12:00. &#8211; Late check out s\u00f3lo bajo disponibilidad. &#8211; No est\u00e1 permitido fumar &#8230;<\/p>","protected":false},"author":1,"featured_media":0,"parent":0,"menu_order":0,"comment_status":"closed","ping_status":"closed","template":"","meta":{"cozystay_single_page_hide_site_header":"","cozystay_single_page_site_header_source":"","cozystay_single_page_custom_site_header":"","cozystay_single_page_custom_sticky_site_header":"","cozystay_single_page_hide_page_title":"","cozystay_single_page_header_section_size":"","cozystay_single_page_header_background_color":"","cozystay_single_page_header_background_position_x":"center","cozystay_single_page_header_background_position_y":"center","cozystay_single_page_header_background_size":"cover","cozystay_single_page_header_background_repeat":"off","cozystay_single_page_header_background_scroll":"on","cozystay_single_page_header_text_color":"","cozystay_single_page_header_show_breadcrumb":"","cozystay_single_page_site_footer_hide_main":"","cozystay_single_custom_site_footer_main_source":"","cozystay_single_custom_site_footer_main":"","cozystay_single_page_site_footer_hide_above":"","cozystay_single_custom_site_footer_above_source":"","cozystay_single_custom_site_footer_above":"","cozystay_single_page_site_footer_hide_instagram":"","cozystay_single_page_site_footer_hide_bottom":"","cozystay_single_custom_mobile_menu_source":"","cozystay_single_custom_mobile_menu":"","cozystay_single_custom_mobile_menu_animation":"","cozystay_single_custom_mobile_menu_width":"","cozystay_single_custom_mobile_menu_custom_width":375,"footnotes":""},"class_list":["post-7338","page","type-page","status-publish","hentry"],"_links":{"self":[{"href":"https:\/\/alayatenerife.com\/uk\/wp-json\/wp\/v2\/pages\/7338","targetHints":{"allow":["GET"]}}],"collection":[{"href":"https:\/\/alayatenerife.com\/uk\/wp-json\/wp\/v2\/pages"}],"about":[{"href":"https:\/\/alayatenerife.com\/uk\/wp-json\/wp\/v2\/types\/page"}],"author":[{"embeddable":true,"href":"https:\/\/alayatenerife.com\/uk\/wp-json\/wp\/v2\/users\/1"}],"replies":[{"embeddable":true,"href":"https:\/\/alayatenerife.com\/uk\/wp-json\/wp\/v2\/comments?post=7338"}],"version-history":[{"count":1,"href":"https:\/\/alayatenerife.com\/uk\/wp-json\/wp\/v2\/pages\/7338\/revisions"}],"predecessor-version":[{"id":7339,"href":"https:\/\/alayatenerife.com\/uk\/wp-json\/wp\/v2\/pages\/7338\/revisions\/7339"}],"wp:attachment":[{"href":"https:\/\/alayatenerife.com\/uk\/wp-json\/wp\/v2\/media?parent=7338"}],"curies":[{"name":"wp","href":"https:\/\/api.w.org\/{rel}","templated":true}]}}