{"id":3277,"date":"2025-11-21T20:52:09","date_gmt":"2025-11-21T20:52:09","guid":{"rendered":"https:\/\/alayatenerife.com\/?post_type=product&#038;p=3277"},"modified":"2026-02-11T14:26:53","modified_gmt":"2026-02-11T14:26:53","slug":"bono-regalo","status":"publish","type":"product","link":"https:\/\/alayatenerife.com\/ro\/shop\/bono-regalo\/","title":{"rendered":"Voucher cadou pentru experien\u021ba Bubble Suite"},"content":{"rendered":"<p><strong>Acesta este un voucher cadou pentru experien\u021ba Bubble Suite anun\u021bat\u0103 aici: <a href=\"https:\/\/alayatenerife.com\/ro\/room\/experiencia-burbuja\/\">https:\/\/alayatenerife.com\/room\/experiencia-burbuja\/<\/a><\/strong><\/p>\n<p data-start=\"182\" data-end=\"384\">Oferi\u021bi \u00een dar un moment pe care nu \u00eel vor uita niciodat\u0103. Voucherul nostru cadou pentru experien\u021ba Bubble Room la Alaya Tenerife este cel mai special mod de a surprinde pe cineva cu o escapad\u0103 unic\u0103 pe insul\u0103.<\/p>\n<p data-start=\"386\" data-end=\"645\">Las Burbujas ofer\u0103 o atmosfer\u0103 intim\u0103 \u00eenconjurat\u0103 de natur\u0103, cu un jacuzzi privat, pat rotund \u0219i vedere larg\u0103 la ocean. Este o experien\u021b\u0103 conceput\u0103 pentru a v\u0103 deconecta, a privi cerul din pat \u0219i a v\u0103 bucura de un mediu lini\u0219tit \u00een sudul insulei Tenerife.<\/p>\n<p data-start=\"647\" data-end=\"892\">Voucherul include acces la piscina \u00eenc\u0103lzit\u0103 tip plaj\u0103, zone de odihn\u0103 \u0219i un mediu perfect pentru relaxare. Este un cadou ideal pentru anivers\u0103ri, zile de na\u0219tere, escapade romantice sau pentru cei care doresc s\u0103 experimenteze ceva diferit \u00een Tenerife.<\/p>\n<p data-start=\"894\" data-end=\"1096\">Odat\u0103 ce a\u021bi achizi\u021bionat voucherul, trebuie s\u0103 ne contacta\u021bi pentru a alege data la care dori\u021bi s\u0103 v\u0103 r\u0103scump\u0103ra\u021bi sejurul. Valabilitatea voucherului v\u0103 permite s\u0103 v\u0103 planifica\u021bi experien\u021ba cu toat\u0103 lini\u0219tea.<\/p>\n<p data-start=\"1098\" data-end=\"1172\" data-is-last-node=\"\" data-is-only-node=\"\">Surprinde\u021bi cu un cadou care este tr\u0103it, sim\u021bit \u0219i amintit pentru totdeauna.<\/p>","protected":false},"excerpt":{"rendered":"<p>Oferi\u021bi-v\u0103 o experien\u021b\u0103 de neuitat \u00een Tenerife cu camerele noastre Bubble. Jacuzzi privat, piscin\u0103 \u00eenc\u0103lzit\u0103 tip plaj\u0103, priveli\u0219ti spectaculoase \u0219i o escapad\u0103 unic\u0103.<\/p>\n<p>Odat\u0103 ce a\u021bi achizi\u021bionat voucherul cadou, trebuie s\u0103 ne contacta\u021bi pentru a alege data la care dori\u021bi s\u0103 r\u0103scump\u0103ra\u021bi sejurul. Voucherul este valabil timp de 6 luni.<\/p>\n<p>Voucherul este valabil pentru pre\u021bul standard \u0219i nu se aplic\u0103 la date speciale, cum ar fi Ziua \u00cendr\u0103gosti\u021bilor, s\u0103rb\u0103tori legale, s\u00e2mb\u0103t\u0103 sau alte zile \u00een care tariful este diferit. Dac\u0103 dori\u021bi s\u0103 rezerva\u021bi la o dat\u0103 cu un pre\u021b special, pute\u021bi pl\u0103ti diferen\u021ba corespunz\u0103toare.<\/p>","protected":false},"featured_media":2810,"template":"","meta":[],"product_brand":[],"product_cat":[64],"product_tag":[],"class_list":{"0":"post-3277","1":"product","2":"type-product","3":"status-publish","4":"has-post-thumbnail","6":"product_cat-bono-regalo","8":"first","9":"instock","10":"shipping-taxable","11":"purchasable","12":"product-type-variable"},"_links":{"self":[{"href":"https:\/\/alayatenerife.com\/ro\/wp-json\/wp\/v2\/product\/3277","targetHints":{"allow":["GET"]}}],"collection":[{"href":"https:\/\/alayatenerife.com\/ro\/wp-json\/wp\/v2\/product"}],"about":[{"href":"https:\/\/alayatenerife.com\/ro\/wp-json\/wp\/v2\/types\/product"}],"wp:featuredmedia":[{"embeddable":true,"href":"https:\/\/alayatenerife.com\/ro\/wp-json\/wp\/v2\/media\/2810"}],"wp:attachment":[{"href":"https:\/\/alayatenerife.com\/ro\/wp-json\/wp\/v2\/media?parent=3277"}],"wp:term":[{"taxonomy":"product_brand","embeddable":true,"href":"https:\/\/alayatenerife.com\/ro\/wp-json\/wp\/v2\/product_brand?post=3277"},{"taxonomy":"product_cat","embeddable":true,"href":"https:\/\/alayatenerife.com\/ro\/wp-json\/wp\/v2\/product_cat?post=3277"},{"taxonomy":"product_tag","embeddable":true,"href":"https:\/\/alayatenerife.com\/ro\/wp-json\/wp\/v2\/product_tag?post=3277"}],"curies":[{"name":"wp","href":"https:\/\/api.w.org\/{rel}","templated":true}]}}