{"id":7338,"date":"2026-03-01T18:38:31","date_gmt":"2026-03-01T18:38:31","guid":{"rendered":"https:\/\/alayatenerife.com\/?page_id=7338"},"modified":"2026-03-01T18:38:31","modified_gmt":"2026-03-01T18:38:31","slug":"normativa","status":"publish","type":"page","link":"https:\/\/alayatenerife.com\/ro\/normativa\/","title":{"rendered":"Reglement\u0103ri"},"content":{"rendered":"<p data-start=\"274\" data-end=\"382\"><strong>La momentul rezerv\u0103rii, confirma\u021bi c\u0103 a\u021bi citit, a\u021bi \u00een\u021beles \u0219i sunte\u021bi de acord cu urm\u0103toarele reguli:<\/strong><\/p>\n<p>- Camerele Bubble sunt concepute pentru maxim 2 adul\u021bi.<\/p>\n<p>- Check in de la 14:00 la 23:00.<\/p>\n<p>- Check-out p\u00e2n\u0103 la ora 12:00.<\/p>\n<p>- Check-out t\u00e2rziu numai \u00een func\u021bie de disponibilitate.<\/p>\n<p>- Fumatul nu este permis \u00een interiorul camerelor Bubble. \u00cen caz de nerespectare, se va aplica o tax\u0103 de 300 \u20ac pentru cur\u0103\u021benie specializat\u0103.<\/p>\n<p data-start=\"842\" data-end=\"1055\">- Este interzis\u0103 orice form\u0103 de decorare \u00een interiorul balonului cu lum\u00e2n\u0103ri, petale naturale, confetti sau elemente adezive. Orice deteriorare sau cur\u0103\u021bare suplimentar\u0103 va fi facturat\u0103 oaspetelui.<\/p>\n<p data-start=\"1059\" data-end=\"1212\">- Utilizarea dronelor nu este permis\u0103 f\u0103r\u0103 autoriza\u021bie expres\u0103, deoarece aceasta este o proprietate privat\u0103 \u0219i trebuie respectat\u0103 intimitatea celorlal\u021bi oaspe\u021bi.<\/p>\n<p data-start=\"1216\" data-end=\"1300\">- Odihna \u0219i intimitatea celorlal\u021bi oaspe\u021bi trebuie s\u0103 fie respectate \u00een orice moment.<\/p>\n<p data-start=\"1304\" data-end=\"1396\">- Este interzis\u0103 aprinderea focului, utilizarea artificiilor sau a oric\u0103rui element inflamabil.<\/p>\n<p data-start=\"1400\" data-end=\"1527\">- Cada cu hidromasaj trebuie utilizat\u0103 \u00een mod responsabil. Nu este permis s\u0103 introduce\u021bi sticl\u0103 sau obiecte care ar putea deteriora sistemul.<\/p>\n<p data-start=\"1531\" data-end=\"1712\">- Toate obiectele, mobilierul \u0219i elementele decorative fac parte din cazare. \u00cen caz de deteriorare sau furt, va fi perceput\u0103 suma corespunz\u0103toare.<\/p>\n<p data-start=\"1836\" data-end=\"1859\">- Animalele de companie nu sunt acceptate.<\/p>\n<p data-start=\"1863\" data-end=\"2032\">- Compania \u00ee\u0219i rezerv\u0103 dreptul de a debita cardul furnizat pentru servicii suplimentare, daune sau nerespectarea reglement\u0103rilor.<\/p>","protected":false},"excerpt":{"rendered":"<p>En el momento de realizar la reserva, usted confirma que ha le\u00eddo, entendido y acepta las siguientes normas: &#8211; Las Bubble Rooms est\u00e1n dise\u00f1adas para un m\u00e1ximo de 2 adultos. &#8211; Check in de 14:00h a 23:00. &#8211; Check out hasta las 12:00. &#8211; Late check out s\u00f3lo bajo disponibilidad. &#8211; No est\u00e1 permitido fumar &#8230;<\/p>","protected":false},"author":1,"featured_media":0,"parent":0,"menu_order":0,"comment_status":"closed","ping_status":"closed","template":"","meta":{"cozystay_single_page_hide_site_header":"","cozystay_single_page_site_header_source":"","cozystay_single_page_custom_site_header":"","cozystay_single_page_custom_sticky_site_header":"","cozystay_single_page_hide_page_title":"","cozystay_single_page_header_section_size":"","cozystay_single_page_header_background_color":"","cozystay_single_page_header_background_position_x":"center","cozystay_single_page_header_background_position_y":"center","cozystay_single_page_header_background_size":"cover","cozystay_single_page_header_background_repeat":"off","cozystay_single_page_header_background_scroll":"on","cozystay_single_page_header_text_color":"","cozystay_single_page_header_show_breadcrumb":"","cozystay_single_page_site_footer_hide_main":"","cozystay_single_custom_site_footer_main_source":"","cozystay_single_custom_site_footer_main":"","cozystay_single_page_site_footer_hide_above":"","cozystay_single_custom_site_footer_above_source":"","cozystay_single_custom_site_footer_above":"","cozystay_single_page_site_footer_hide_instagram":"","cozystay_single_page_site_footer_hide_bottom":"","cozystay_single_custom_mobile_menu_source":"","cozystay_single_custom_mobile_menu":"","cozystay_single_custom_mobile_menu_animation":"","cozystay_single_custom_mobile_menu_width":"","cozystay_single_custom_mobile_menu_custom_width":375,"footnotes":""},"class_list":["post-7338","page","type-page","status-publish","hentry"],"_links":{"self":[{"href":"https:\/\/alayatenerife.com\/ro\/wp-json\/wp\/v2\/pages\/7338","targetHints":{"allow":["GET"]}}],"collection":[{"href":"https:\/\/alayatenerife.com\/ro\/wp-json\/wp\/v2\/pages"}],"about":[{"href":"https:\/\/alayatenerife.com\/ro\/wp-json\/wp\/v2\/types\/page"}],"author":[{"embeddable":true,"href":"https:\/\/alayatenerife.com\/ro\/wp-json\/wp\/v2\/users\/1"}],"replies":[{"embeddable":true,"href":"https:\/\/alayatenerife.com\/ro\/wp-json\/wp\/v2\/comments?post=7338"}],"version-history":[{"count":1,"href":"https:\/\/alayatenerife.com\/ro\/wp-json\/wp\/v2\/pages\/7338\/revisions"}],"predecessor-version":[{"id":7339,"href":"https:\/\/alayatenerife.com\/ro\/wp-json\/wp\/v2\/pages\/7338\/revisions\/7339"}],"wp:attachment":[{"href":"https:\/\/alayatenerife.com\/ro\/wp-json\/wp\/v2\/media?parent=7338"}],"curies":[{"name":"wp","href":"https:\/\/api.w.org\/{rel}","templated":true}]}}