{"id":3277,"date":"2025-11-21T20:52:09","date_gmt":"2025-11-21T20:52:09","guid":{"rendered":"https:\/\/alayatenerife.com\/?post_type=product&#038;p=3277"},"modified":"2026-02-11T14:26:53","modified_gmt":"2026-02-11T14:26:53","slug":"bono-regalo","status":"publish","type":"product","link":"https:\/\/alayatenerife.com\/pl\/shop\/bono-regalo\/","title":{"rendered":"Voucher upominkowy Bubble Suite Experience"},"content":{"rendered":"<p><strong>Jest to kupon podarunkowy na Bubble Suite Experience reklamowany tutaj: <a href=\"https:\/\/alayatenerife.com\/pl\/room\/experiencia-burbuja\/\">https:\/\/alayatenerife.com\/room\/experiencia-burbuja\/<\/a><\/strong><\/p>\n<p data-start=\"182\" data-end=\"384\">Podaruj chwil\u0119, kt\u00f3rej nigdy nie zapomn\u0105. Nasz voucher upominkowy na Bubble Room Experience w Alaya Tenerife to najbardziej wyj\u0105tkowy spos\u00f3b na zaskoczenie kogo\u015b wyj\u0105tkowym wypadem na wysp\u0119.<\/p>\n<p data-start=\"386\" data-end=\"645\">Las Burbujas oferuje intymn\u0105 atmosfer\u0119 w otoczeniu przyrody, z prywatnym jacuzzi, okr\u0105g\u0142ym \u0142\u00f3\u017ckiem i szerokim widokiem na ocean. Jest to do\u015bwiadczenie zaprojektowane z my\u015bl\u0105 o od\u0142\u0105czeniu si\u0119, patrzeniu w niebo z \u0142\u00f3\u017cka i cieszeniu si\u0119 spokojnym otoczeniem na po\u0142udniu Teneryfy.<\/p>\n<p data-start=\"647\" data-end=\"892\">Voucher obejmuje dost\u0119p do podgrzewanego basenu pla\u017cowego, stref wypoczynkowych i doskona\u0142ego \u015brodowiska do relaksu. Jest to idealny prezent na rocznic\u0119, urodziny, romantyczny wypad lub dla tych, kt\u00f3rzy chc\u0105 do\u015bwiadczy\u0107 czego\u015b innego na Teneryfie.<\/p>\n<p data-start=\"894\" data-end=\"1096\">Po zakupie vouchera nale\u017cy skontaktowa\u0107 si\u0119 z nami w celu wybrania daty realizacji pobytu. Wa\u017cno\u015b\u0107 vouchera pozwala zaplanowa\u0107 pobyt z pe\u0142nym spokojem.<\/p>\n<p data-start=\"1098\" data-end=\"1172\" data-is-last-node=\"\" data-is-only-node=\"\">Zaskocz prezentem, kt\u00f3ry b\u0119dzie \u017cywy, odczuwalny i zapami\u0119tany na zawsze.<\/p>","protected":false},"excerpt":{"rendered":"<p>Zafunduj sobie niezapomniane wra\u017cenia na Teneryfie dzi\u0119ki naszym Bubble Rooms. Prywatne jacuzzi, podgrzewany basen pla\u017cowy, spektakularne widoki i wyj\u0105tkowy wypoczynek.<\/p>\n<p>Po zakupie bonu upominkowego nale\u017cy skontaktowa\u0107 si\u0119 z nami w celu wybrania daty realizacji pobytu. Bon jest wa\u017cny przez 6 miesi\u0119cy.<\/p>\n<p>Voucher jest wa\u017cny w cenie standardowej i nie obowi\u0105zuje w terminach specjalnych, takich jak Walentynki, \u015bwi\u0119ta pa\u0144stwowe, sobota lub inne dni, w kt\u00f3rych obowi\u0105zuje inna cena. Je\u015bli chcesz dokona\u0107 rezerwacji w dniu, w kt\u00f3rym obowi\u0105zuje specjalna cena, mo\u017cesz dop\u0142aci\u0107 odpowiedni\u0105 r\u00f3\u017cnic\u0119.<\/p>","protected":false},"featured_media":2810,"template":"","meta":[],"product_brand":[],"product_cat":[64],"product_tag":[],"class_list":{"0":"post-3277","1":"product","2":"type-product","3":"status-publish","4":"has-post-thumbnail","6":"product_cat-bono-regalo","8":"first","9":"instock","10":"shipping-taxable","11":"purchasable","12":"product-type-variable"},"_links":{"self":[{"href":"https:\/\/alayatenerife.com\/pl\/wp-json\/wp\/v2\/product\/3277","targetHints":{"allow":["GET"]}}],"collection":[{"href":"https:\/\/alayatenerife.com\/pl\/wp-json\/wp\/v2\/product"}],"about":[{"href":"https:\/\/alayatenerife.com\/pl\/wp-json\/wp\/v2\/types\/product"}],"wp:featuredmedia":[{"embeddable":true,"href":"https:\/\/alayatenerife.com\/pl\/wp-json\/wp\/v2\/media\/2810"}],"wp:attachment":[{"href":"https:\/\/alayatenerife.com\/pl\/wp-json\/wp\/v2\/media?parent=3277"}],"wp:term":[{"taxonomy":"product_brand","embeddable":true,"href":"https:\/\/alayatenerife.com\/pl\/wp-json\/wp\/v2\/product_brand?post=3277"},{"taxonomy":"product_cat","embeddable":true,"href":"https:\/\/alayatenerife.com\/pl\/wp-json\/wp\/v2\/product_cat?post=3277"},{"taxonomy":"product_tag","embeddable":true,"href":"https:\/\/alayatenerife.com\/pl\/wp-json\/wp\/v2\/product_tag?post=3277"}],"curies":[{"name":"wp","href":"https:\/\/api.w.org\/{rel}","templated":true}]}}