{"id":7338,"date":"2026-03-01T18:38:31","date_gmt":"2026-03-01T18:38:31","guid":{"rendered":"https:\/\/alayatenerife.com\/?page_id=7338"},"modified":"2026-03-01T18:38:31","modified_gmt":"2026-03-01T18:38:31","slug":"normativa","status":"publish","type":"page","link":"https:\/\/alayatenerife.com\/pl\/normativa\/","title":{"rendered":"Przepisy"},"content":{"rendered":"<p data-start=\"274\" data-end=\"382\"><strong>W momencie dokonywania rezerwacji u\u017cytkownik potwierdza, \u017ce przeczyta\u0142, zrozumia\u0142 i akceptuje poni\u017csze zasady:<\/strong><\/p>\n<p>- Pokoje Bubble przeznaczone s\u0105 dla maksymalnie 2 os\u00f3b doros\u0142ych.<\/p>\n<p>- Zameldowanie odbywa si\u0119 w godzinach od 14:00 do 23:00.<\/p>\n<p>- Wymeldowanie do godziny 12:00.<\/p>\n<p>- P\u00f3\u017ane wymeldowanie mo\u017cliwe jest wy\u0142\u0105cznie w zale\u017cno\u015bci od dost\u0119pno\u015bci.<\/p>\n<p>- W pokojach Bubble obowi\u0105zuje zakaz palenia. W przypadku nieprzestrzegania tego zakazu naliczona zostanie op\u0142ata w wysoko\u015bci 300 \u20ac za specjalistyczne sprz\u0105tanie.<\/p>\n<p data-start=\"842\" data-end=\"1055\">- Zabrania si\u0119 wykonywania jakichkolwiek dekoracji wewn\u0105trz ba\u0144ki za pomoc\u0105 \u015bwiec, naturalnych p\u0142atk\u00f3w, konfetti lub element\u00f3w samoprzylepnych. Go\u015b\u0107 zostanie obci\u0105\u017cony kosztami wszelkich uszkodze\u0144 lub dodatkowego sprz\u0105tania.<\/p>\n<p data-start=\"1059\" data-end=\"1212\">- Korzystanie z dron\u00f3w nie jest dozwolone bez wyra\u017anego zezwolenia, poniewa\u017c jest to w\u0142asno\u015b\u0107 prywatna i nale\u017cy szanowa\u0107 prywatno\u015b\u0107 innych go\u015bci.<\/p>\n<p data-start=\"1216\" data-end=\"1300\">- Odpoczynek i prywatno\u015b\u0107 innych go\u015bci musz\u0105 by\u0107 zawsze szanowane.<\/p>\n<p data-start=\"1304\" data-end=\"1396\">- Zabrania si\u0119 rozpalania ognisk, u\u017cywania fajerwerk\u00f3w lub jakichkolwiek \u0142atwopalnych element\u00f3w.<\/p>\n<p data-start=\"1400\" data-end=\"1527\">- Z wanny z hydromasa\u017cem nale\u017cy korzysta\u0107 w spos\u00f3b odpowiedzialny. Niedozwolone jest wnoszenie szk\u0142a lub przedmiot\u00f3w, kt\u00f3re mog\u0142yby uszkodzi\u0107 system.<\/p>\n<p data-start=\"1531\" data-end=\"1712\">- Wszystkie przedmioty, meble i elementy dekoracyjne stanowi\u0105 cz\u0119\u015b\u0107 zakwaterowania. W przypadku ich uszkodzenia lub kradzie\u017cy obiekt obci\u0105\u017cy Go\u015bcia stosown\u0105 op\u0142at\u0105.<\/p>\n<p data-start=\"1836\" data-end=\"1859\">- Zwierz\u0119ta nie s\u0105 akceptowane.<\/p>\n<p data-start=\"1863\" data-end=\"2032\">- Firma zastrzega sobie prawo do obci\u0105\u017cenia podanej karty za dodatkowe us\u0142ugi, uszkodzenia lub nieprzestrzeganie przepis\u00f3w.<\/p>","protected":false},"excerpt":{"rendered":"<p>En el momento de realizar la reserva, usted confirma que ha le\u00eddo, entendido y acepta las siguientes normas: &#8211; Las Bubble Rooms est\u00e1n dise\u00f1adas para un m\u00e1ximo de 2 adultos. &#8211; Check in de 14:00h a 23:00. &#8211; Check out hasta las 12:00. &#8211; Late check out s\u00f3lo bajo disponibilidad. &#8211; No est\u00e1 permitido fumar &#8230;<\/p>","protected":false},"author":1,"featured_media":0,"parent":0,"menu_order":0,"comment_status":"closed","ping_status":"closed","template":"","meta":{"cozystay_single_page_hide_site_header":"","cozystay_single_page_site_header_source":"","cozystay_single_page_custom_site_header":"","cozystay_single_page_custom_sticky_site_header":"","cozystay_single_page_hide_page_title":"","cozystay_single_page_header_section_size":"","cozystay_single_page_header_background_color":"","cozystay_single_page_header_background_position_x":"center","cozystay_single_page_header_background_position_y":"center","cozystay_single_page_header_background_size":"cover","cozystay_single_page_header_background_repeat":"off","cozystay_single_page_header_background_scroll":"on","cozystay_single_page_header_text_color":"","cozystay_single_page_header_show_breadcrumb":"","cozystay_single_page_site_footer_hide_main":"","cozystay_single_custom_site_footer_main_source":"","cozystay_single_custom_site_footer_main":"","cozystay_single_page_site_footer_hide_above":"","cozystay_single_custom_site_footer_above_source":"","cozystay_single_custom_site_footer_above":"","cozystay_single_page_site_footer_hide_instagram":"","cozystay_single_page_site_footer_hide_bottom":"","cozystay_single_custom_mobile_menu_source":"","cozystay_single_custom_mobile_menu":"","cozystay_single_custom_mobile_menu_animation":"","cozystay_single_custom_mobile_menu_width":"","cozystay_single_custom_mobile_menu_custom_width":375,"footnotes":""},"class_list":["post-7338","page","type-page","status-publish","hentry"],"_links":{"self":[{"href":"https:\/\/alayatenerife.com\/pl\/wp-json\/wp\/v2\/pages\/7338","targetHints":{"allow":["GET"]}}],"collection":[{"href":"https:\/\/alayatenerife.com\/pl\/wp-json\/wp\/v2\/pages"}],"about":[{"href":"https:\/\/alayatenerife.com\/pl\/wp-json\/wp\/v2\/types\/page"}],"author":[{"embeddable":true,"href":"https:\/\/alayatenerife.com\/pl\/wp-json\/wp\/v2\/users\/1"}],"replies":[{"embeddable":true,"href":"https:\/\/alayatenerife.com\/pl\/wp-json\/wp\/v2\/comments?post=7338"}],"version-history":[{"count":1,"href":"https:\/\/alayatenerife.com\/pl\/wp-json\/wp\/v2\/pages\/7338\/revisions"}],"predecessor-version":[{"id":7339,"href":"https:\/\/alayatenerife.com\/pl\/wp-json\/wp\/v2\/pages\/7338\/revisions\/7339"}],"wp:attachment":[{"href":"https:\/\/alayatenerife.com\/pl\/wp-json\/wp\/v2\/media?parent=7338"}],"curies":[{"name":"wp","href":"https:\/\/api.w.org\/{rel}","templated":true}]}}