{"id":7338,"date":"2026-03-01T18:38:31","date_gmt":"2026-03-01T18:38:31","guid":{"rendered":"https:\/\/alayatenerife.com\/?page_id=7338"},"modified":"2026-03-01T18:38:31","modified_gmt":"2026-03-01T18:38:31","slug":"normativa","status":"publish","type":"page","link":"https:\/\/alayatenerife.com\/nl\/normativa\/","title":{"rendered":"Reglement"},"content":{"rendered":"<p data-start=\"274\" data-end=\"382\"><strong>Op het moment van boeken bevestig je dat je de volgende regels hebt gelezen en begrepen en dat je ermee akkoord gaat:<\/strong><\/p>\n<p>- Bubble kamers zijn ontworpen voor maximaal 2 volwassenen.<\/p>\n<p>- Inchecken van 14:00u tot 23:00u.<\/p>\n<p>- Uitchecken tot 12:00 uur.<\/p>\n<p>- Laat uitchecken alleen op basis van beschikbaarheid.<\/p>\n<p>- Roken is niet toegestaan in de Bubble Rooms. In geval van niet-naleving wordt \u20ac300 in rekening gebracht voor gespecialiseerde schoonmaak.<\/p>\n<p data-start=\"842\" data-end=\"1055\">- Het is verboden om enige vorm van decoratie aan te brengen in de bubbel met kaarsen, natuurlijke bloemblaadjes, confetti of zelfklevende elementen. Eventuele schade of extra schoonmaak zal worden doorberekend aan de gast.<\/p>\n<p data-start=\"1059\" data-end=\"1212\">- Het gebruik van drones is niet toegestaan zonder uitdrukkelijke toestemming, aangezien dit priv\u00e9terrein is en de privacy van andere gasten moet worden gerespecteerd.<\/p>\n<p data-start=\"1216\" data-end=\"1300\">- De rust en privacy van andere gasten moeten te allen tijde worden gerespecteerd.<\/p>\n<p data-start=\"1304\" data-end=\"1396\">- Het is verboden om vuur aan te steken, vuurwerk of andere brandbare elementen te gebruiken.<\/p>\n<p data-start=\"1400\" data-end=\"1527\">- De hot tub moet op een verantwoorde manier worden gebruikt. Het is niet toegestaan glas of voorwerpen in te brengen die het systeem kunnen beschadigen.<\/p>\n<p data-start=\"1531\" data-end=\"1712\">- Alle voorwerpen, meubels en decoratieve elementen maken deel uit van de accommodatie. In geval van schade of diefstal wordt het betreffende bedrag in rekening gebracht.<\/p>\n<p data-start=\"1836\" data-end=\"1859\">- Huisdieren zijn niet toegestaan.<\/p>\n<p data-start=\"1863\" data-end=\"2032\">- Het bedrijf behoudt zich het recht voor om extra diensten, schade of niet-naleving van de voorschriften in rekening te brengen op de verstrekte kaart.<\/p>","protected":false},"excerpt":{"rendered":"<p>En el momento de realizar la reserva, usted confirma que ha le\u00eddo, entendido y acepta las siguientes normas: &#8211; Las Bubble Rooms est\u00e1n dise\u00f1adas para un m\u00e1ximo de 2 adultos. &#8211; Check in de 14:00h a 23:00. &#8211; Check out hasta las 12:00. &#8211; Late check out s\u00f3lo bajo disponibilidad. &#8211; No est\u00e1 permitido fumar &#8230;<\/p>","protected":false},"author":1,"featured_media":0,"parent":0,"menu_order":0,"comment_status":"closed","ping_status":"closed","template":"","meta":{"cozystay_single_page_hide_site_header":"","cozystay_single_page_site_header_source":"","cozystay_single_page_custom_site_header":"","cozystay_single_page_custom_sticky_site_header":"","cozystay_single_page_hide_page_title":"","cozystay_single_page_header_section_size":"","cozystay_single_page_header_background_color":"","cozystay_single_page_header_background_position_x":"center","cozystay_single_page_header_background_position_y":"center","cozystay_single_page_header_background_size":"cover","cozystay_single_page_header_background_repeat":"off","cozystay_single_page_header_background_scroll":"on","cozystay_single_page_header_text_color":"","cozystay_single_page_header_show_breadcrumb":"","cozystay_single_page_site_footer_hide_main":"","cozystay_single_custom_site_footer_main_source":"","cozystay_single_custom_site_footer_main":"","cozystay_single_page_site_footer_hide_above":"","cozystay_single_custom_site_footer_above_source":"","cozystay_single_custom_site_footer_above":"","cozystay_single_page_site_footer_hide_instagram":"","cozystay_single_page_site_footer_hide_bottom":"","cozystay_single_custom_mobile_menu_source":"","cozystay_single_custom_mobile_menu":"","cozystay_single_custom_mobile_menu_animation":"","cozystay_single_custom_mobile_menu_width":"","cozystay_single_custom_mobile_menu_custom_width":375,"footnotes":""},"class_list":["post-7338","page","type-page","status-publish","hentry"],"_links":{"self":[{"href":"https:\/\/alayatenerife.com\/nl\/wp-json\/wp\/v2\/pages\/7338","targetHints":{"allow":["GET"]}}],"collection":[{"href":"https:\/\/alayatenerife.com\/nl\/wp-json\/wp\/v2\/pages"}],"about":[{"href":"https:\/\/alayatenerife.com\/nl\/wp-json\/wp\/v2\/types\/page"}],"author":[{"embeddable":true,"href":"https:\/\/alayatenerife.com\/nl\/wp-json\/wp\/v2\/users\/1"}],"replies":[{"embeddable":true,"href":"https:\/\/alayatenerife.com\/nl\/wp-json\/wp\/v2\/comments?post=7338"}],"version-history":[{"count":1,"href":"https:\/\/alayatenerife.com\/nl\/wp-json\/wp\/v2\/pages\/7338\/revisions"}],"predecessor-version":[{"id":7339,"href":"https:\/\/alayatenerife.com\/nl\/wp-json\/wp\/v2\/pages\/7338\/revisions\/7339"}],"wp:attachment":[{"href":"https:\/\/alayatenerife.com\/nl\/wp-json\/wp\/v2\/media?parent=7338"}],"curies":[{"name":"wp","href":"https:\/\/api.w.org\/{rel}","templated":true}]}}