{"id":3277,"date":"2025-11-21T20:52:09","date_gmt":"2025-11-21T20:52:09","guid":{"rendered":"https:\/\/alayatenerife.com\/?post_type=product&#038;p=3277"},"modified":"2026-02-11T14:26:53","modified_gmt":"2026-02-11T14:26:53","slug":"bono-regalo","status":"publish","type":"product","link":"https:\/\/alayatenerife.com\/it\/shop\/bono-regalo\/","title":{"rendered":"Buono regalo per l'esperienza Bubble Suite"},"content":{"rendered":"<p><strong>Questo \u00e8 un buono regalo per l'esperienza Bubble Suite pubblicizzata qui: <a href=\"https:\/\/alayatenerife.com\/it\/room\/experiencia-burbuja\/\">https:\/\/alayatenerife.com\/room\/experiencia-burbuja\/<\/a><\/strong><\/p>\n<p data-start=\"182\" data-end=\"384\">Regalate un momento che non dimenticheranno mai. Il nostro buono regalo per l'esperienza Bubble Room all'Alaya Tenerife \u00e8 il modo pi\u00f9 speciale per sorprendere qualcuno con una fuga unica sull'isola.<\/p>\n<p data-start=\"386\" data-end=\"645\">Las Burbujas offre un'atmosfera intima e immersa nella natura, con vasca idromassaggio privata, letto rotondo e ampie viste sull'oceano. \u00c8 un'esperienza pensata per staccare la spina, guardare il cielo dal letto e godersi un ambiente tranquillo nel sud di Tenerife.<\/p>\n<p data-start=\"647\" data-end=\"892\">Il buono comprende l'accesso alla piscina riscaldata in stile spiaggia, aree di riposo e un ambiente perfetto per rilassarsi. \u00c8 un regalo ideale per anniversari, compleanni, fughe romantiche o per chi vuole vivere un'esperienza diversa a Tenerife.<\/p>\n<p data-start=\"894\" data-end=\"1096\">Una volta acquistato il voucher, \u00e8 necessario contattarci per scegliere la data in cui si desidera riscattare il soggiorno. La validit\u00e0 del voucher vi permette di programmare la vostra esperienza in tutta tranquillit\u00e0.<\/p>\n<p data-start=\"1098\" data-end=\"1172\" data-is-last-node=\"\" data-is-only-node=\"\">Sorprendete con un regalo vissuto, sentito e ricordato per sempre.<\/p>","protected":false},"excerpt":{"rendered":"<p>Concedetevi un'esperienza indimenticabile a Tenerife con le nostre Bubble Room. Jacuzzi privata, piscina riscaldata in stile spiaggia, viste spettacolari e una fuga unica.<\/p>\n<p>Una volta acquistato il buono regalo, \u00e8 necessario contattarci per scegliere la data in cui si desidera riscattare il soggiorno. Il buono \u00e8 valido per 6 mesi.<\/p>\n<p>Il buono \u00e8 valido per il prezzo standard e non si applica in date speciali come San Valentino, giorni festivi, sabato o altri giorni in cui la tariffa \u00e8 diversa. Se desiderate prenotare in una data con un prezzo speciale, potete pagare la differenza corrispondente.<\/p>","protected":false},"featured_media":2810,"template":"","meta":[],"product_brand":[],"product_cat":[64],"product_tag":[],"class_list":{"0":"post-3277","1":"product","2":"type-product","3":"status-publish","4":"has-post-thumbnail","6":"product_cat-bono-regalo","8":"first","9":"instock","10":"shipping-taxable","11":"purchasable","12":"product-type-variable"},"_links":{"self":[{"href":"https:\/\/alayatenerife.com\/it\/wp-json\/wp\/v2\/product\/3277","targetHints":{"allow":["GET"]}}],"collection":[{"href":"https:\/\/alayatenerife.com\/it\/wp-json\/wp\/v2\/product"}],"about":[{"href":"https:\/\/alayatenerife.com\/it\/wp-json\/wp\/v2\/types\/product"}],"wp:featuredmedia":[{"embeddable":true,"href":"https:\/\/alayatenerife.com\/it\/wp-json\/wp\/v2\/media\/2810"}],"wp:attachment":[{"href":"https:\/\/alayatenerife.com\/it\/wp-json\/wp\/v2\/media?parent=3277"}],"wp:term":[{"taxonomy":"product_brand","embeddable":true,"href":"https:\/\/alayatenerife.com\/it\/wp-json\/wp\/v2\/product_brand?post=3277"},{"taxonomy":"product_cat","embeddable":true,"href":"https:\/\/alayatenerife.com\/it\/wp-json\/wp\/v2\/product_cat?post=3277"},{"taxonomy":"product_tag","embeddable":true,"href":"https:\/\/alayatenerife.com\/it\/wp-json\/wp\/v2\/product_tag?post=3277"}],"curies":[{"name":"wp","href":"https:\/\/api.w.org\/{rel}","templated":true}]}}