{"id":7338,"date":"2026-03-01T18:38:31","date_gmt":"2026-03-01T18:38:31","guid":{"rendered":"https:\/\/alayatenerife.com\/?page_id=7338"},"modified":"2026-03-01T18:38:31","modified_gmt":"2026-03-01T18:38:31","slug":"normativa","status":"publish","type":"page","link":"https:\/\/alayatenerife.com\/it\/normativa\/","title":{"rendered":"Regolamenti"},"content":{"rendered":"<p data-start=\"274\" data-end=\"382\"><strong>Al momento della prenotazione, l'utente conferma di aver letto, compreso e accettato le seguenti regole:<\/strong><\/p>\n<p>- Le camere Bubble sono progettate per un massimo di 2 adulti.<\/p>\n<p>- Check in dalle 14:00 alle 23:00.<\/p>\n<p>- Check-out fino alle 12:00.<\/p>\n<p>- Check-out tardivo solo su disponibilit\u00e0.<\/p>\n<p>- Non \u00e8 consentito fumare all'interno delle Bubble Room. In caso di inosservanza, verr\u00e0 applicato un addebito di 300\u20ac per la pulizia specializzata.<\/p>\n<p data-start=\"842\" data-end=\"1055\">- \u00c8 vietato fare qualsiasi tipo di decorazione all'interno della bolla con candele, petali naturali, coriandoli o elementi adesivi. Eventuali danni o pulizie aggiuntive saranno addebitati all'ospite.<\/p>\n<p data-start=\"1059\" data-end=\"1212\">- L'uso di droni non \u00e8 consentito senza espressa autorizzazione, poich\u00e9 si tratta di una propriet\u00e0 privata e la privacy degli altri ospiti deve essere rispettata.<\/p>\n<p data-start=\"1216\" data-end=\"1300\">- Il riposo e la privacy degli altri ospiti devono essere sempre rispettati.<\/p>\n<p data-start=\"1304\" data-end=\"1396\">- \u00c8 vietato accendere fuochi, utilizzare fuochi d'artificio o qualsiasi elemento infiammabile.<\/p>\n<p data-start=\"1400\" data-end=\"1527\">- La vasca idromassaggio deve essere utilizzata in modo responsabile. Non \u00e8 consentito introdurre vetri o oggetti che possano danneggiare il sistema.<\/p>\n<p data-start=\"1531\" data-end=\"1712\">- Tutti gli oggetti, i mobili e gli elementi decorativi fanno parte dell'alloggio. In caso di danni o furti, verr\u00e0 addebitato l'importo corrispondente.<\/p>\n<p data-start=\"1836\" data-end=\"1859\">- Non sono ammessi animali domestici.<\/p>\n<p data-start=\"1863\" data-end=\"2032\">- L'azienda si riserva il diritto di addebitare sulla carta fornita i servizi aggiuntivi, i danni o il mancato rispetto delle norme.<\/p>","protected":false},"excerpt":{"rendered":"<p>En el momento de realizar la reserva, usted confirma que ha le\u00eddo, entendido y acepta las siguientes normas: &#8211; Las Bubble Rooms est\u00e1n dise\u00f1adas para un m\u00e1ximo de 2 adultos. &#8211; Check in de 14:00h a 23:00. &#8211; Check out hasta las 12:00. &#8211; Late check out s\u00f3lo bajo disponibilidad. &#8211; No est\u00e1 permitido fumar &#8230;<\/p>","protected":false},"author":1,"featured_media":0,"parent":0,"menu_order":0,"comment_status":"closed","ping_status":"closed","template":"","meta":{"cozystay_single_page_hide_site_header":"","cozystay_single_page_site_header_source":"","cozystay_single_page_custom_site_header":"","cozystay_single_page_custom_sticky_site_header":"","cozystay_single_page_hide_page_title":"","cozystay_single_page_header_section_size":"","cozystay_single_page_header_background_color":"","cozystay_single_page_header_background_position_x":"center","cozystay_single_page_header_background_position_y":"center","cozystay_single_page_header_background_size":"cover","cozystay_single_page_header_background_repeat":"off","cozystay_single_page_header_background_scroll":"on","cozystay_single_page_header_text_color":"","cozystay_single_page_header_show_breadcrumb":"","cozystay_single_page_site_footer_hide_main":"","cozystay_single_custom_site_footer_main_source":"","cozystay_single_custom_site_footer_main":"","cozystay_single_page_site_footer_hide_above":"","cozystay_single_custom_site_footer_above_source":"","cozystay_single_custom_site_footer_above":"","cozystay_single_page_site_footer_hide_instagram":"","cozystay_single_page_site_footer_hide_bottom":"","cozystay_single_custom_mobile_menu_source":"","cozystay_single_custom_mobile_menu":"","cozystay_single_custom_mobile_menu_animation":"","cozystay_single_custom_mobile_menu_width":"","cozystay_single_custom_mobile_menu_custom_width":375,"footnotes":""},"class_list":["post-7338","page","type-page","status-publish","hentry"],"_links":{"self":[{"href":"https:\/\/alayatenerife.com\/it\/wp-json\/wp\/v2\/pages\/7338","targetHints":{"allow":["GET"]}}],"collection":[{"href":"https:\/\/alayatenerife.com\/it\/wp-json\/wp\/v2\/pages"}],"about":[{"href":"https:\/\/alayatenerife.com\/it\/wp-json\/wp\/v2\/types\/page"}],"author":[{"embeddable":true,"href":"https:\/\/alayatenerife.com\/it\/wp-json\/wp\/v2\/users\/1"}],"replies":[{"embeddable":true,"href":"https:\/\/alayatenerife.com\/it\/wp-json\/wp\/v2\/comments?post=7338"}],"version-history":[{"count":1,"href":"https:\/\/alayatenerife.com\/it\/wp-json\/wp\/v2\/pages\/7338\/revisions"}],"predecessor-version":[{"id":7339,"href":"https:\/\/alayatenerife.com\/it\/wp-json\/wp\/v2\/pages\/7338\/revisions\/7339"}],"wp:attachment":[{"href":"https:\/\/alayatenerife.com\/it\/wp-json\/wp\/v2\/media?parent=7338"}],"curies":[{"name":"wp","href":"https:\/\/api.w.org\/{rel}","templated":true}]}}