{"id":3,"date":"2024-12-10T16:17:34","date_gmt":"2024-12-10T15:17:34","guid":{"rendered":"https:\/\/alayatenerife.com\/?page_id=3"},"modified":"2026-02-05T14:39:52","modified_gmt":"2026-02-05T14:39:52","slug":"politica-privacidad","status":"publish","type":"page","link":"https:\/\/alayatenerife.com\/it\/politica-privacidad\/","title":{"rendered":"Informativa sulla privacy"},"content":{"rendered":"<p><strong>Ultimo aggiornamento:<\/strong> 5 febbraio 2026<\/p>\r\n\r\n\r\n\r\n<p><span style=\"font-weight: 400;\">A <\/span><b>Alaya Tenerife<\/b><span style=\"font-weight: 400;\"> ci impegniamo a proteggere la privacy dei nostri ospiti e a garantire un trattamento responsabile, riservato e sicuro dei dati personali che ci forniscono attraverso il nostro sito web, le piattaforme di prenotazione, i sistemi di check-in e i canali di comunicazione.<\/span><\/p>\r\n<p><span style=\"font-weight: 400;\">La presente Informativa sulla privacy illustra le modalit\u00e0 di raccolta, utilizzo, archiviazione e protezione dei dati personali dell'utente quando accede al sito web <\/span><b>alayatenerife.com<\/b><span style=\"font-weight: 400;\">, \u00c8 possibile effettuare una prenotazione o contattarci in qualsiasi modo.<\/span><\/p>\r\n<h3><b>1. Responsabile del trattamento dei dati<\/b><\/h3>\r\n<p><b>Alaya Tenerife<\/b><b><br \/><\/b><span style=\"font-weight: 400;\">E-mail: info@alayatenerife.com<\/span><span style=\"font-weight: 400;\"><br \/><\/span><span style=\"font-weight: 400;\">Sito web:<\/span><a href=\"https:\/\/alayatenerife.com\/it\/\"> <span style=\"font-weight: 400;\">https:\/\/alayatenerife.com<\/span><\/a><\/p>\r\n<h3><b>2. Dati personali raccolti<\/b><\/h3>\r\n<p><span style=\"font-weight: 400;\">Possiamo raccogliere ed elaborare le seguenti categorie di dati personali, a seconda del tipo di interazione con l'utente:<\/span><\/p>\r\n<p><b>Dati di identificazione:<\/b><b><br \/><\/b><span style=\"font-weight: 400;\">Nome, cognome, nazionalit\u00e0, data di nascita, carta d'identit\u00e0 o passaporto, necessari per l'adempimento degli obblighi legali di registrazione degli ospiti.<\/span><\/p>\r\n<p><b>Dettagli di contatto:<\/b><b><br \/><\/b><span style=\"font-weight: 400;\">Numero di telefono, indirizzo e-mail, indirizzo postale e altri dati forniti volontariamente dall'utente.<\/span><\/p>\r\n<p><b>Dettagli sulla prenotazione e sul soggiorno:<\/b><b><br \/><\/b><span style=\"font-weight: 400;\">Date di check-in e check-out, numero di ospiti, preferenze, commenti, richieste speciali e qualsiasi informazione relativa alla gestione del soggiorno.<\/span><\/p>\r\n<p><b>Dati inviati per il check-in:<\/b><b><br \/><\/b><span style=\"font-weight: 400;\">Informazioni richieste dalle normative sul turismo e sulla sicurezza, fornite attraverso piattaforme di check-in online, moduli digitali o comunicazioni dirette.<\/span><\/p>\r\n<p><strong>Dati di verifica dell'identit\u00e0:<\/strong><br \/>Immagine o fotografia del documento d'identit\u00e0 o del passaporto dell'ospite, acquisita durante il processo di check-in online per verificare l'identit\u00e0 del viaggiatore e controllare che i dati forniti siano veritieri e corrispondano alla persona che effettua il soggiorno.<\/p>\r\n<p>Queste immagini sono utilizzate esclusivamente per scopi di verifica, sicurezza e conformit\u00e0 legale e non sono destinate a uso commerciale o di marketing.<\/p>\r\n<p><b>Dettagli di pagamento:<\/b><b><br \/><\/b><span style=\"font-weight: 400;\">Informazioni parziali sul metodo di pagamento, come l'identificativo della transazione, il titolare della carta o le ultime cifre del metodo utilizzato. I pagamenti vengono elaborati in modo sicuro tramite fornitori terzi, pertanto Alaya Tenerife non memorizza i dati completi della carta o le credenziali bancarie.<\/span><\/p>\r\n<p><b>Dati sulle comunicazioni:<\/b><b><br \/><\/b><span style=\"font-weight: 400;\">Messaggi, file o informazioni inviati volontariamente dall'utente tramite WhatsApp, e-mail, moduli web, piattaforme di prenotazione o sistemi di messaggistica integrati.<\/span><\/p>\r\n<p><b>Dati tecnici e di navigazione:<\/b><b><br \/><\/b><span style=\"font-weight: 400;\">Indirizzo IP, tipo di browser, lingua, paese di connessione, dispositivo utilizzato e comportamento di navigazione, raccolti automaticamente a fini statistici, di sicurezza o di miglioramento del servizio.<\/span><\/p>\r\n<h3><b>3. Finalit\u00e0 del trattamento dei dati<\/b><\/h3>\r\n<p><span style=\"font-weight: 400;\">I dati personali sono trattati per le seguenti finalit\u00e0:<\/span><\/p>\r\n<ul>\r\n<li><span style=\"font-weight: 400;\"> Gestire prenotazioni, soggiorni e servizi associati.<\/span><\/li>\r\n<li><span style=\"font-weight: 400;\">Effettuate il check-in online e rispettate gli obblighi legali di registrazione dei passeggeri.<\/span><\/li>\r\n<li><span style=\"font-weight: 400;\">Elaborare i pagamenti e i resi tramite i fornitori autorizzati.<\/span><\/li>\r\n<li><span style=\"font-weight: 400;\">Gestire la comunicazione con l'ospite prima, durante e dopo il soggiorno.<\/span><\/li>\r\n<li><span style=\"font-weight: 400;\">Gestire le domande, le richieste o gli incidenti.<\/span><\/li>\r\n<li><span style=\"font-weight: 400;\">Inviare le informazioni operative relative alla prenotazione.<\/span><\/li>\r\n<li><span style=\"font-weight: 400;\">Inviare comunicazioni commerciali o promozionali solo se l'utente ha dato il suo consenso.<\/span><\/li>\r\n<li><span style=\"font-weight: 400;\">Rispettare gli obblighi legali, fiscali e amministrativi applicabili.<\/span><span style=\"font-weight: 400;\"><br \/><\/span><\/li>\r\n<li><span style=\"font-weight: 400;\">Garantire la sicurezza, prevenire le frodi e proteggere i sistemi e i servizi.<\/span><\/li>\r\n<li>Verificare l'identit\u00e0 dell'ospite controllando visivamente il documento d'identit\u00e0, assicurandosi che le informazioni fornite durante il check-in siano corrette, autentiche e corrispondano alla persona che soggiorna.<\/li>\r\n<\/ul>\r\n<h3><b>4. Base giuridica del trattamento<\/b><\/h3>\r\n<p><span style=\"font-weight: 400;\">L'elaborazione dei dati si basa su:<\/span><\/p>\r\n<ul>\r\n<li><span style=\"font-weight: 400;\"> L'esecuzione di un contratto di alloggio o di servizi.<\/span><\/li>\r\n<li><span style=\"font-weight: 400;\">Il consenso esplicito dell'utente, ove richiesto.<\/span><\/li>\r\n<li><span style=\"font-weight: 400;\">Rispetto degli obblighi di legge applicabili alle strutture ricettive.<\/span><\/li>\r\n<li><span style=\"font-weight: 400;\">Il legittimo interesse di Alaya Tenerife a migliorare i propri servizi e a garantire la sicurezza.<\/span><\/li>\r\n<\/ul>\r\n<h3><b>5. Conservazione dei dati<\/b><\/h3>\r\n<p><span style=\"font-weight: 400;\">I dati personali saranno conservati:<\/span><\/p>\r\n<ul>\r\n<li><span style=\"font-weight: 400;\"> Per la durata del rapporto contrattuale o del soggiorno.<\/span><\/li>\r\n<li><span style=\"font-weight: 400;\">Durante i periodi richiesti dalle norme di legge applicabili.<\/span><\/li>\r\n<li><span style=\"font-weight: 400;\">Per tutto il tempo necessario a soddisfare le responsabilit\u00e0 legali.<\/span><\/li>\r\n<li><span style=\"font-weight: 400;\">Fino alla richiesta di cancellazione da parte dell'utente nel caso in cui il trattamento sia basato sul consenso.<\/span><\/li>\r\n<\/ul>\r\n<h3><b>6. Piattaforme, terze parti e comunicazioni esterne<\/b><\/h3>\r\n<p><span style=\"font-weight: 400;\">Alaya Tenerife non vende n\u00e9 commercializza i dati personali. Tuttavia, i dati possono essere trattati o condivisi con terze parti strettamente necessarie per l'erogazione del servizio, quali:<\/span><\/p>\r\n<ul>\r\n<li><b>Hostify<\/b><span style=\"font-weight: 400;\">, <\/span><b>TuriCheck<\/b><span style=\"font-weight: 400;\"> o altre piattaforme di gestione delle prenotazioni e dei check-in.<\/span><\/li>\r\n<li><span style=\"font-weight: 400;\">Piattaforme di prenotazione online come Airbnb, Booking o altre OTA utilizzate dall'ospite.<\/span><\/li>\r\n<li><span style=\"font-weight: 400;\">Fornitori di pagamenti come Stripe, PayPal o banche.<\/span><\/li>\r\n<li><span style=\"font-weight: 400;\">Fornitori di tecnologia per l'hosting web, la posta elettronica o la manutenzione.<\/span><\/li>\r\n<li><span style=\"font-weight: 400;\">Autorit\u00e0 competenti quando richiesto dalla normativa vigente.<\/span><\/li>\r\n<\/ul>\r\n<p><span style=\"font-weight: 400;\">L'utente riconosce che, quando utilizza piattaforme di terze parti, i suoi dati saranno soggetti anche alle politiche sulla privacy di queste piattaforme, che sono responsabili del loro trattamento indipendente.<\/span><\/p>\r\n<h3><b>7. Uso di WhatsApp e della messaggistica istantanea<\/b><\/h3>\r\n<p><span style=\"font-weight: 400;\">Le comunicazioni effettuate tramite WhatsApp o altri sistemi di messaggistica sono utilizzate esclusivamente per la gestione della prenotazione, il servizio clienti e la fornitura del servizio.<\/span><\/p>\r\n<p><span style=\"font-weight: 400;\">L'utente \u00e8 consapevole che questi servizi dipendono da piattaforme esterne e che Alaya Tenerife non pu\u00f2 garantire il funzionamento, la disponibilit\u00e0 o la sicurezza assoluta di questi canali, sebbene adotti misure ragionevoli per proteggere le informazioni ricevute.<\/span><\/p>\r\n<h3><b>8. Diritti dell'utente<\/b><\/h3>\r\n<p><span style=\"font-weight: 400;\">L'utente pu\u00f2 esercitare i seguenti diritti:<\/span><\/p>\r\n<ul>\r\n<li><span style=\"font-weight: 400;\"> Accesso ai vostri dati personali.<\/span><span style=\"font-weight: 400;\"><br \/><\/span><span style=\"font-weight: 400;\">- Rettifica dei dati inesatti.<\/span><span style=\"font-weight: 400;\"><br \/><\/span><span style=\"font-weight: 400;\">- Cancellazione dei dati.<\/span><span style=\"font-weight: 400;\"><br \/><\/span><span style=\"font-weight: 400;\">- Limitazione del trattamento.<\/span><span style=\"font-weight: 400;\"><br \/><\/span><span style=\"font-weight: 400;\">- Portabilit\u00e0 dei dati.<\/span><span style=\"font-weight: 400;\"><br \/><\/span><span style=\"font-weight: 400;\">- Opposizione al trattamento o alle comunicazioni commerciali.<\/span><\/li>\r\n<\/ul>\r\n<p><span style=\"font-weight: 400;\">Per esercitare tali diritti, \u00e8 necessario inviare una richiesta a info@alayatenerife.com, indicando chiaramente il diritto che si desidera esercitare e dimostrando la propria identit\u00e0.<\/span><\/p>\r\n<h3><b>9. Sicurezza delle informazioni<\/b><\/h3>\r\n<p><span style=\"font-weight: 400;\">Alaya Tenerife attua misure tecniche e organizzative adeguate per proteggere i dati personali da accessi non autorizzati, perdita, alterazione o divulgazione impropria.<\/span><\/p>\r\n<p><span style=\"font-weight: 400;\">Il sito web utilizza connessioni criptate e sistemi di sicurezza ragionevoli e commisurati alla natura dei dati trattati.<\/span><\/p>\r\n<p>Le immagini dei documenti d'identit\u00e0 utilizzate per la verifica degli ospiti sono archiviate in modo sicuro, con accesso limitato al solo personale autorizzato, e sono conservate per il tempo strettamente necessario a soddisfare i relativi scopi legali e di sicurezza.<\/p>\r\n<h3><b>10. Comunicazioni commerciali e newsletter<\/b><\/h3>\r\n<p><span style=\"font-weight: 400;\">Riceverete comunicazioni commerciali solo se avrete dato il vostro esplicito consenso. \u00c8 possibile revocare tale consenso in qualsiasi momento utilizzando i link forniti o contattandoci.<\/span><\/p>\r\n<h3><b>11. Cookie e navigazione<\/b><\/h3>\r\n<p><span style=\"font-weight: 400;\">Questo sito utilizza cookie propri e di terze parti per migliorare l'esperienza di navigazione e analizzare l'utilizzo del sito. Per ulteriori informazioni, consultare la nostra Politica sui cookie.<\/span><\/p>\r\n<h3><b>12. Link a siti di terzi<\/b><\/h3>\r\n<p><span style=\"font-weight: 400;\">Alaya Tenerife non \u00e8 responsabile del contenuto, del funzionamento o delle politiche sulla privacy di siti web esterni collegati a questo sito.<\/span><\/p>\r\n<h3><b>13. Modifiche all'Informativa sulla privacy<\/b><\/h3>\r\n<p><span style=\"font-weight: 400;\">Alaya Tenerife si riserva il diritto di modificare la presente Informativa sulla privacy per adeguarla a modifiche legali o a miglioramenti interni. La versione attuale sar\u00e0 sempre disponibile su questa pagina.<\/span><\/p>","protected":false},"excerpt":{"rendered":"<p>\u00daltima actualizaci\u00f3n: 5 Febrero de 2026 En Alaya Tenerife nos comprometemos a proteger la privacidad de nuestros hu\u00e9spedes y a garantizar un tratamiento responsable, confidencial y seguro de los datos personales que nos facilitan a trav\u00e9s de nuestro sitio web, plataformas de reserva, sistemas de check-in y canales de comunicaci\u00f3n. Esta Pol\u00edtica de Privacidad explica &#8230;<\/p>","protected":false},"author":1,"featured_media":0,"parent":0,"menu_order":0,"comment_status":"closed","ping_status":"open","template":"","meta":{"cozystay_single_page_hide_site_header":"","cozystay_single_page_site_header_source":"","cozystay_single_page_custom_site_header":"","cozystay_single_page_custom_sticky_site_header":"","cozystay_single_page_hide_page_title":"","cozystay_single_page_header_section_size":"","cozystay_single_page_header_background_color":"","cozystay_single_page_header_background_position_x":"center","cozystay_single_page_header_background_position_y":"center","cozystay_single_page_header_background_size":"cover","cozystay_single_page_header_background_repeat":"off","cozystay_single_page_header_background_scroll":"on","cozystay_single_page_header_text_color":"","cozystay_single_page_header_show_breadcrumb":"","cozystay_single_page_site_footer_hide_main":"","cozystay_single_custom_site_footer_main_source":"","cozystay_single_custom_site_footer_main":"","cozystay_single_page_site_footer_hide_above":"","cozystay_single_custom_site_footer_above_source":"","cozystay_single_custom_site_footer_above":"","cozystay_single_page_site_footer_hide_instagram":"","cozystay_single_page_site_footer_hide_bottom":"","cozystay_single_custom_mobile_menu_source":"","cozystay_single_custom_mobile_menu":"","cozystay_single_custom_mobile_menu_animation":"","cozystay_single_custom_mobile_menu_width":"","cozystay_single_custom_mobile_menu_custom_width":375,"footnotes":""},"class_list":["post-3","page","type-page","status-publish","hentry"],"_links":{"self":[{"href":"https:\/\/alayatenerife.com\/it\/wp-json\/wp\/v2\/pages\/3","targetHints":{"allow":["GET"]}}],"collection":[{"href":"https:\/\/alayatenerife.com\/it\/wp-json\/wp\/v2\/pages"}],"about":[{"href":"https:\/\/alayatenerife.com\/it\/wp-json\/wp\/v2\/types\/page"}],"author":[{"embeddable":true,"href":"https:\/\/alayatenerife.com\/it\/wp-json\/wp\/v2\/users\/1"}],"replies":[{"embeddable":true,"href":"https:\/\/alayatenerife.com\/it\/wp-json\/wp\/v2\/comments?post=3"}],"version-history":[{"count":5,"href":"https:\/\/alayatenerife.com\/it\/wp-json\/wp\/v2\/pages\/3\/revisions"}],"predecessor-version":[{"id":6697,"href":"https:\/\/alayatenerife.com\/it\/wp-json\/wp\/v2\/pages\/3\/revisions\/6697"}],"wp:attachment":[{"href":"https:\/\/alayatenerife.com\/it\/wp-json\/wp\/v2\/media?parent=3"}],"curies":[{"name":"wp","href":"https:\/\/api.w.org\/{rel}","templated":true}]}}