{"id":3277,"date":"2025-11-21T20:52:09","date_gmt":"2025-11-21T20:52:09","guid":{"rendered":"https:\/\/alayatenerife.com\/?post_type=product&#038;p=3277"},"modified":"2026-02-11T14:26:53","modified_gmt":"2026-02-11T14:26:53","slug":"bono-regalo","status":"publish","type":"product","link":"https:\/\/alayatenerife.com\/fr\/shop\/bono-regalo\/","title":{"rendered":"Ch\u00e8que-cadeau pour l'exp\u00e9rience Bubble Suite"},"content":{"rendered":"<p><strong>Il s'agit d'un ch\u00e8que-cadeau pour l'exp\u00e9rience Bubble Suite annonc\u00e9e ici : <a href=\"https:\/\/alayatenerife.com\/fr\/room\/experiencia-burbuja\/\">https:\/\/alayatenerife.com\/room\/experiencia-burbuja\/<\/a><\/strong><\/p>\n<p data-start=\"182\" data-end=\"384\">Offrez un moment qu'ils n'oublieront jamais. Notre ch\u00e8que-cadeau pour l'exp\u00e9rience Bubble Room \u00e0 Alaya Tenerife est la fa\u00e7on la plus sp\u00e9ciale de surprendre quelqu'un avec une escapade unique sur l'\u00eele.<\/p>\n<p data-start=\"386\" data-end=\"645\">Las Burbujas offre une atmosph\u00e8re intime entour\u00e9e par la nature, avec un jacuzzi priv\u00e9, un lit rond et de larges vues sur l'oc\u00e9an. Il s'agit d'une exp\u00e9rience con\u00e7ue pour se d\u00e9connecter, regarder le ciel depuis le lit et profiter d'un environnement paisible dans le sud de Tenerife.<\/p>\n<p data-start=\"647\" data-end=\"892\">Le bon comprend l'acc\u00e8s \u00e0 la piscine chauff\u00e9e de style plage, \u00e0 des aires de repos et \u00e0 un cadre id\u00e9al pour se d\u00e9tendre. C'est un cadeau id\u00e9al pour les anniversaires, les escapades romantiques ou pour ceux qui souhaitent vivre une exp\u00e9rience diff\u00e9rente \u00e0 T\u00e9n\u00e9riffe.<\/p>\n<p data-start=\"894\" data-end=\"1096\">Une fois le bon achet\u00e9, vous devez nous contacter pour choisir la date \u00e0 laquelle vous souhaitez utiliser votre s\u00e9jour. La validit\u00e9 du bon vous permet de planifier votre exp\u00e9rience en toute tranquillit\u00e9.<\/p>\n<p data-start=\"1098\" data-end=\"1172\" data-is-last-node=\"\" data-is-only-node=\"\">Surprenez avec un cadeau qui est v\u00e9cu, ressenti et dont on se souvient pour toujours.<\/p>","protected":false},"excerpt":{"rendered":"<p>Offrez-vous une exp\u00e9rience inoubliable \u00e0 Tenerife avec nos chambres \u00e0 bulles. Jacuzzi priv\u00e9, piscine chauff\u00e9e de style plage, vues spectaculaires et escapade unique.<\/p>\n<p>Une fois que vous avez achet\u00e9 le bon cadeau, vous devez nous contacter pour choisir la date \u00e0 laquelle vous souhaitez utiliser le s\u00e9jour. Le bon est valable 6 mois.<\/p>\n<p>Le bon est valable pour le prix standard et ne s'applique pas aux dates sp\u00e9ciales telles que la Saint-Valentin, les jours f\u00e9ri\u00e9s, le samedi ou d'autres jours o\u00f9 le tarif est diff\u00e9rent. Si vous souhaitez r\u00e9server \u00e0 une date avec un prix sp\u00e9cial, vous pouvez payer la diff\u00e9rence correspondante.<\/p>","protected":false},"featured_media":2810,"template":"","meta":[],"product_brand":[],"product_cat":[64],"product_tag":[],"class_list":{"0":"post-3277","1":"product","2":"type-product","3":"status-publish","4":"has-post-thumbnail","6":"product_cat-bono-regalo","8":"first","9":"instock","10":"shipping-taxable","11":"purchasable","12":"product-type-variable"},"_links":{"self":[{"href":"https:\/\/alayatenerife.com\/fr\/wp-json\/wp\/v2\/product\/3277","targetHints":{"allow":["GET"]}}],"collection":[{"href":"https:\/\/alayatenerife.com\/fr\/wp-json\/wp\/v2\/product"}],"about":[{"href":"https:\/\/alayatenerife.com\/fr\/wp-json\/wp\/v2\/types\/product"}],"wp:featuredmedia":[{"embeddable":true,"href":"https:\/\/alayatenerife.com\/fr\/wp-json\/wp\/v2\/media\/2810"}],"wp:attachment":[{"href":"https:\/\/alayatenerife.com\/fr\/wp-json\/wp\/v2\/media?parent=3277"}],"wp:term":[{"taxonomy":"product_brand","embeddable":true,"href":"https:\/\/alayatenerife.com\/fr\/wp-json\/wp\/v2\/product_brand?post=3277"},{"taxonomy":"product_cat","embeddable":true,"href":"https:\/\/alayatenerife.com\/fr\/wp-json\/wp\/v2\/product_cat?post=3277"},{"taxonomy":"product_tag","embeddable":true,"href":"https:\/\/alayatenerife.com\/fr\/wp-json\/wp\/v2\/product_tag?post=3277"}],"curies":[{"name":"wp","href":"https:\/\/api.w.org\/{rel}","templated":true}]}}