{"id":7338,"date":"2026-03-01T18:38:31","date_gmt":"2026-03-01T18:38:31","guid":{"rendered":"https:\/\/alayatenerife.com\/?page_id=7338"},"modified":"2026-03-01T18:38:31","modified_gmt":"2026-03-01T18:38:31","slug":"normativa","status":"publish","type":"page","link":"https:\/\/alayatenerife.com\/fr\/normativa\/","title":{"rendered":"R\u00e8glements"},"content":{"rendered":"<p data-start=\"274\" data-end=\"382\"><strong>Au moment de la r\u00e9servation, vous confirmez que vous avez lu, compris et accept\u00e9 les r\u00e8gles suivantes :<\/strong><\/p>\n<p>- Les chambres \u00e0 bulles sont con\u00e7ues pour un maximum de 2 adultes.<\/p>\n<p>- Arriv\u00e9e de 14h00 \u00e0 23h00.<\/p>\n<p>- D\u00e9part jusqu'\u00e0 12h00.<\/p>\n<p>- Les d\u00e9parts tardifs ne sont possibles qu'en fonction des disponibilit\u00e9s.<\/p>\n<p>- Il est interdit de fumer \u00e0 l'int\u00e9rieur des chambres \u00e0 bulles. En cas de non-respect de cette interdiction, des frais de nettoyage sp\u00e9cialis\u00e9 d'un montant de 300 euros seront factur\u00e9s.<\/p>\n<p data-start=\"842\" data-end=\"1055\">- Il est interdit de d\u00e9corer l'int\u00e9rieur de la bulle avec des bougies, des p\u00e9tales naturels, des confettis ou des \u00e9l\u00e9ments adh\u00e9sifs. Tout dommage ou nettoyage suppl\u00e9mentaire sera factur\u00e9 au client.<\/p>\n<p data-start=\"1059\" data-end=\"1212\">- L'utilisation de drones est interdite sans autorisation expresse, car il s'agit d'une propri\u00e9t\u00e9 priv\u00e9e et la vie priv\u00e9e des autres h\u00f4tes doit \u00eatre respect\u00e9e.<\/p>\n<p data-start=\"1216\" data-end=\"1300\">- Le repos et la vie priv\u00e9e des autres h\u00f4tes doivent \u00eatre respect\u00e9s \u00e0 tout moment.<\/p>\n<p data-start=\"1304\" data-end=\"1396\">- Il est interdit d'allumer des feux, d'utiliser des feux d'artifice ou tout autre \u00e9l\u00e9ment inflammable.<\/p>\n<p data-start=\"1400\" data-end=\"1527\">- Le spa doit \u00eatre utilis\u00e9 de mani\u00e8re responsable. Il est interdit d'y introduire du verre ou des objets susceptibles d'endommager le syst\u00e8me.<\/p>\n<p data-start=\"1531\" data-end=\"1712\">- Tous les objets, meubles et \u00e9l\u00e9ments de d\u00e9coration font partie du logement. En cas de d\u00e9t\u00e9rioration ou de vol, le montant correspondant sera factur\u00e9.<\/p>\n<p data-start=\"1836\" data-end=\"1859\">- Les animaux domestiques ne sont pas autoris\u00e9s.<\/p>\n<p data-start=\"1863\" data-end=\"2032\">- L'entreprise se r\u00e9serve le droit de d\u00e9biter la carte fournie pour les services suppl\u00e9mentaires, les dommages ou le non-respect des r\u00e9glementations.<\/p>","protected":false},"excerpt":{"rendered":"<p>En el momento de realizar la reserva, usted confirma que ha le\u00eddo, entendido y acepta las siguientes normas: &#8211; Las Bubble Rooms est\u00e1n dise\u00f1adas para un m\u00e1ximo de 2 adultos. &#8211; Check in de 14:00h a 23:00. &#8211; Check out hasta las 12:00. &#8211; Late check out s\u00f3lo bajo disponibilidad. &#8211; No est\u00e1 permitido fumar &#8230;<\/p>","protected":false},"author":1,"featured_media":0,"parent":0,"menu_order":0,"comment_status":"closed","ping_status":"closed","template":"","meta":{"cozystay_single_page_hide_site_header":"","cozystay_single_page_site_header_source":"","cozystay_single_page_custom_site_header":"","cozystay_single_page_custom_sticky_site_header":"","cozystay_single_page_hide_page_title":"","cozystay_single_page_header_section_size":"","cozystay_single_page_header_background_color":"","cozystay_single_page_header_background_position_x":"center","cozystay_single_page_header_background_position_y":"center","cozystay_single_page_header_background_size":"cover","cozystay_single_page_header_background_repeat":"off","cozystay_single_page_header_background_scroll":"on","cozystay_single_page_header_text_color":"","cozystay_single_page_header_show_breadcrumb":"","cozystay_single_page_site_footer_hide_main":"","cozystay_single_custom_site_footer_main_source":"","cozystay_single_custom_site_footer_main":"","cozystay_single_page_site_footer_hide_above":"","cozystay_single_custom_site_footer_above_source":"","cozystay_single_custom_site_footer_above":"","cozystay_single_page_site_footer_hide_instagram":"","cozystay_single_page_site_footer_hide_bottom":"","cozystay_single_custom_mobile_menu_source":"","cozystay_single_custom_mobile_menu":"","cozystay_single_custom_mobile_menu_animation":"","cozystay_single_custom_mobile_menu_width":"","cozystay_single_custom_mobile_menu_custom_width":375,"footnotes":""},"class_list":["post-7338","page","type-page","status-publish","hentry"],"_links":{"self":[{"href":"https:\/\/alayatenerife.com\/fr\/wp-json\/wp\/v2\/pages\/7338","targetHints":{"allow":["GET"]}}],"collection":[{"href":"https:\/\/alayatenerife.com\/fr\/wp-json\/wp\/v2\/pages"}],"about":[{"href":"https:\/\/alayatenerife.com\/fr\/wp-json\/wp\/v2\/types\/page"}],"author":[{"embeddable":true,"href":"https:\/\/alayatenerife.com\/fr\/wp-json\/wp\/v2\/users\/1"}],"replies":[{"embeddable":true,"href":"https:\/\/alayatenerife.com\/fr\/wp-json\/wp\/v2\/comments?post=7338"}],"version-history":[{"count":1,"href":"https:\/\/alayatenerife.com\/fr\/wp-json\/wp\/v2\/pages\/7338\/revisions"}],"predecessor-version":[{"id":7339,"href":"https:\/\/alayatenerife.com\/fr\/wp-json\/wp\/v2\/pages\/7338\/revisions\/7339"}],"wp:attachment":[{"href":"https:\/\/alayatenerife.com\/fr\/wp-json\/wp\/v2\/media?parent=7338"}],"curies":[{"name":"wp","href":"https:\/\/api.w.org\/{rel}","templated":true}]}}