{"id":3581,"date":"2025-11-26T14:51:10","date_gmt":"2025-11-26T14:51:10","guid":{"rendered":"https:\/\/alayatenerife.com\/?page_id=3581"},"modified":"2026-03-04T22:51:46","modified_gmt":"2026-03-04T22:51:46","slug":"extras","status":"publish","type":"page","link":"https:\/\/alayatenerife.com\/fr\/extras\/","title":{"rendered":"Am\u00e9liorez votre exp\u00e9rience \u00e0 Alaya"},"content":{"rendered":"<div data-elementor-type=\"wp-page\" data-elementor-id=\"3581\" class=\"elementor elementor-3581\">\n\t\t\t\t\t\t<section class=\"elementor-section elementor-top-section elementor-element elementor-element-73c5380d elementor-section-boxed elementor-section-height-default elementor-section-height-default\" data-id=\"73c5380d\" data-element_type=\"section\" data-e-type=\"section\">\n\t\t\t\t\t\t<div class=\"elementor-container elementor-column-gap-no\">\n\t\t\t\t\t<div class=\"elementor-column elementor-col-33 elementor-top-column elementor-element elementor-element-11ec34b\" data-id=\"11ec34b\" data-element_type=\"column\" data-e-type=\"column\">\n\t\t\t<div class=\"elementor-widget-wrap elementor-element-populated\">\n\t\t\t\t\t\t<div class=\"elementor-element elementor-element-f669488 elementor-widget elementor-widget-cs_fancy_card\" data-id=\"f669488\" data-element_type=\"widget\" data-e-type=\"widget\" data-widget_type=\"cs_fancy_card.default\">\n\t\t\t\t<div class=\"elementor-widget-container\">\n\t\t\t\t\t\n\t\t<div class=\"cs-fancy-card style-1 text-center cs-hover-img-zoom\">\n            <div class=\"cs-fc-wrap\">\t               \t<div class=\"cs-fc-img\">\n\t                    <img fetchpriority=\"high\" decoding=\"async\" width=\"2560\" height=\"1706\" src=\"https:\/\/alayatenerife.com\/wp-content\/uploads\/2025\/11\/AlayaBubble-13-scaled-basico.jpg\" class=\"attachment-full size-full wp-image-3587\" alt=\"D\u00e9coration romantique de base\" srcset=\"https:\/\/alayatenerife.com\/wp-content\/uploads\/2025\/11\/AlayaBubble-13-scaled-basico.jpg 2560w, https:\/\/alayatenerife.com\/wp-content\/uploads\/2025\/11\/AlayaBubble-13-scaled-basico-300x200.jpg 300w, https:\/\/alayatenerife.com\/wp-content\/uploads\/2025\/11\/AlayaBubble-13-scaled-basico-1024x682.jpg 1024w, https:\/\/alayatenerife.com\/wp-content\/uploads\/2025\/11\/AlayaBubble-13-scaled-basico-768x512.jpg 768w, https:\/\/alayatenerife.com\/wp-content\/uploads\/2025\/11\/AlayaBubble-13-scaled-basico-1536x1024.jpg 1536w, https:\/\/alayatenerife.com\/wp-content\/uploads\/2025\/11\/AlayaBubble-13-scaled-basico-2048x1365.jpg 2048w, https:\/\/alayatenerife.com\/wp-content\/uploads\/2025\/11\/AlayaBubble-13-scaled-basico-18x12.jpg 18w, https:\/\/alayatenerife.com\/wp-content\/uploads\/2025\/11\/AlayaBubble-13-scaled-basico-1920x1280.jpg 1920w, https:\/\/alayatenerife.com\/wp-content\/uploads\/2025\/11\/AlayaBubble-13-scaled-basico-1440x960.jpg 1440w, https:\/\/alayatenerife.com\/wp-content\/uploads\/2025\/11\/AlayaBubble-13-scaled-basico-1200x800.jpg 1200w, https:\/\/alayatenerife.com\/wp-content\/uploads\/2025\/11\/AlayaBubble-13-scaled-basico-780x520.jpg 780w, https:\/\/alayatenerife.com\/wp-content\/uploads\/2025\/11\/AlayaBubble-13-scaled-basico-600x400.jpg 600w, https:\/\/alayatenerife.com\/wp-content\/uploads\/2025\/11\/AlayaBubble-13-scaled-basico-550x367.jpg 550w, https:\/\/alayatenerife.com\/wp-content\/uploads\/2025\/11\/AlayaBubble-13-scaled-basico-370x247.jpg 370w, https:\/\/alayatenerife.com\/wp-content\/uploads\/2025\/11\/AlayaBubble-13-scaled-basico-255x170.jpg 255w, https:\/\/alayatenerife.com\/wp-content\/uploads\/2025\/11\/AlayaBubble-13-scaled-basico-150x100.jpg 150w\" sizes=\"(max-width: 2560px) 100vw, 2560px\" title=\"\">\t                <\/div>\n                <div class=\"cs-fc-content\">\t\t\t            <h6 class=\"cs-fc-title cs-title\">\n\t\t\t                D\u00e9coration romantique de base\t\t\t            <\/h6>\t\t\t            <div class=\"cs-fc-text\">\n\t\t\t                <p>P\u00e9tales de rose et ballons en forme de c\u0153ur<\/p><p><strong>50\u20ac<\/strong><\/p><p><a href=\"https:\/\/buy.stripe.com\/cNi28q9sW5Mv1nJ4OQffy02\" target=\"_blank\" rel=\"noopener\"><strong>Payer maintenant<\/strong><\/a><\/p>\t\t\t            <\/div>\t\t\t\t<\/div>\n            <\/div>\n        <\/div>\t\t\t\t<\/div>\n\t\t\t\t<\/div>\n\t\t\t\t\t<\/div>\n\t\t<\/div>\n\t\t\t\t<div class=\"elementor-column elementor-col-33 elementor-top-column elementor-element elementor-element-caf5533\" data-id=\"caf5533\" data-element_type=\"column\" data-e-type=\"column\">\n\t\t\t<div class=\"elementor-widget-wrap elementor-element-populated\">\n\t\t\t\t\t\t<div class=\"elementor-element elementor-element-6eb9799f elementor-widget elementor-widget-cs_fancy_card\" data-id=\"6eb9799f\" data-element_type=\"widget\" data-e-type=\"widget\" data-widget_type=\"cs_fancy_card.default\">\n\t\t\t\t<div class=\"elementor-widget-container\">\n\t\t\t\t\t\n\t\t<div class=\"cs-fancy-card style-1 text-center cs-hover-img-zoom\">\n            <div class=\"cs-fc-wrap\">\t               \t<div class=\"cs-fc-img\">\n\t                    <img decoding=\"async\" width=\"2560\" height=\"1706\" src=\"https:\/\/alayatenerife.com\/wp-content\/uploads\/2025\/11\/decoracionpremium.jpg\" class=\"attachment-full size-full wp-image-3588\" alt=\"Tenerife Premium Bubble Decoration\" srcset=\"https:\/\/alayatenerife.com\/wp-content\/uploads\/2025\/11\/decoracionpremium.jpg 2560w, https:\/\/alayatenerife.com\/wp-content\/uploads\/2025\/11\/decoracionpremium-300x200.jpg 300w, https:\/\/alayatenerife.com\/wp-content\/uploads\/2025\/11\/decoracionpremium-1024x682.jpg 1024w, https:\/\/alayatenerife.com\/wp-content\/uploads\/2025\/11\/decoracionpremium-768x512.jpg 768w, https:\/\/alayatenerife.com\/wp-content\/uploads\/2025\/11\/decoracionpremium-1536x1024.jpg 1536w, https:\/\/alayatenerife.com\/wp-content\/uploads\/2025\/11\/decoracionpremium-2048x1365.jpg 2048w, https:\/\/alayatenerife.com\/wp-content\/uploads\/2025\/11\/decoracionpremium-18x12.jpg 18w, https:\/\/alayatenerife.com\/wp-content\/uploads\/2025\/11\/decoracionpremium-1920x1280.jpg 1920w, https:\/\/alayatenerife.com\/wp-content\/uploads\/2025\/11\/decoracionpremium-1440x960.jpg 1440w, https:\/\/alayatenerife.com\/wp-content\/uploads\/2025\/11\/decoracionpremium-1200x800.jpg 1200w, https:\/\/alayatenerife.com\/wp-content\/uploads\/2025\/11\/decoracionpremium-780x520.jpg 780w, https:\/\/alayatenerife.com\/wp-content\/uploads\/2025\/11\/decoracionpremium-600x400.jpg 600w, https:\/\/alayatenerife.com\/wp-content\/uploads\/2025\/11\/decoracionpremium-550x367.jpg 550w, https:\/\/alayatenerife.com\/wp-content\/uploads\/2025\/11\/decoracionpremium-370x247.jpg 370w, https:\/\/alayatenerife.com\/wp-content\/uploads\/2025\/11\/decoracionpremium-255x170.jpg 255w, https:\/\/alayatenerife.com\/wp-content\/uploads\/2025\/11\/decoracionpremium-150x100.jpg 150w\" sizes=\"(max-width: 2560px) 100vw, 2560px\" title=\"\">\t                <\/div>\n                <div class=\"cs-fc-content\">\t\t\t            <h6 class=\"cs-fc-title cs-title\">\n\t\t\t                D\u00e9coration romantique haut de gamme\t\t\t            <\/h6>\t\t\t            <div class=\"cs-fc-text\">\n\t\t\t                <p>P\u00e9tales de rose, ballons en forme de c\u0153ur, Champagne\/Cava et bo\u00eete de chocolats.<\/p><p><strong>100\u20ac<\/strong><\/p><p><a href=\"https:\/\/buy.stripe.com\/aFa6oG0Wq4Ir4zV4OQffy00\" target=\"_blank\" rel=\"noopener\"><strong>Payer maintenant<\/strong><\/a><\/p>\t\t\t            <\/div>\t\t\t\t<\/div>\n            <\/div>\n        <\/div>\t\t\t\t<\/div>\n\t\t\t\t<\/div>\n\t\t\t\t\t<\/div>\n\t\t<\/div>\n\t\t\t\t<div class=\"elementor-column elementor-col-33 elementor-top-column elementor-element elementor-element-a74669d\" data-id=\"a74669d\" data-element_type=\"column\" data-e-type=\"column\">\n\t\t\t<div class=\"elementor-widget-wrap elementor-element-populated\">\n\t\t\t\t\t\t<div class=\"elementor-element elementor-element-4331e6b elementor-widget elementor-widget-cs_fancy_card\" data-id=\"4331e6b\" data-element_type=\"widget\" data-e-type=\"widget\" data-widget_type=\"cs_fancy_card.default\">\n\t\t\t\t<div class=\"elementor-widget-container\">\n\t\t\t\t\t\n\t\t<div class=\"cs-fancy-card style-1 text-center cs-hover-img-zoom\">\n            <div class=\"cs-fc-wrap\">\t               \t<div class=\"cs-fc-img\">\n\t                    <img decoding=\"async\" width=\"2560\" height=\"1706\" src=\"https:\/\/alayatenerife.com\/wp-content\/uploads\/2025\/11\/decoracioncumpleaniversario.jpg\" class=\"attachment-full size-full wp-image-3594\" alt=\"D\u00e9coration d&#039;anniversaire Alaya Tenerifea\" srcset=\"https:\/\/alayatenerife.com\/wp-content\/uploads\/2025\/11\/decoracioncumpleaniversario.jpg 2560w, https:\/\/alayatenerife.com\/wp-content\/uploads\/2025\/11\/decoracioncumpleaniversario-300x200.jpg 300w, https:\/\/alayatenerife.com\/wp-content\/uploads\/2025\/11\/decoracioncumpleaniversario-1024x682.jpg 1024w, https:\/\/alayatenerife.com\/wp-content\/uploads\/2025\/11\/decoracioncumpleaniversario-768x512.jpg 768w, https:\/\/alayatenerife.com\/wp-content\/uploads\/2025\/11\/decoracioncumpleaniversario-1536x1024.jpg 1536w, https:\/\/alayatenerife.com\/wp-content\/uploads\/2025\/11\/decoracioncumpleaniversario-2048x1365.jpg 2048w, https:\/\/alayatenerife.com\/wp-content\/uploads\/2025\/11\/decoracioncumpleaniversario-18x12.jpg 18w, https:\/\/alayatenerife.com\/wp-content\/uploads\/2025\/11\/decoracioncumpleaniversario-1920x1280.jpg 1920w, https:\/\/alayatenerife.com\/wp-content\/uploads\/2025\/11\/decoracioncumpleaniversario-1440x960.jpg 1440w, https:\/\/alayatenerife.com\/wp-content\/uploads\/2025\/11\/decoracioncumpleaniversario-1200x800.jpg 1200w, https:\/\/alayatenerife.com\/wp-content\/uploads\/2025\/11\/decoracioncumpleaniversario-780x520.jpg 780w, https:\/\/alayatenerife.com\/wp-content\/uploads\/2025\/11\/decoracioncumpleaniversario-600x400.jpg 600w, https:\/\/alayatenerife.com\/wp-content\/uploads\/2025\/11\/decoracioncumpleaniversario-550x367.jpg 550w, https:\/\/alayatenerife.com\/wp-content\/uploads\/2025\/11\/decoracioncumpleaniversario-370x247.jpg 370w, https:\/\/alayatenerife.com\/wp-content\/uploads\/2025\/11\/decoracioncumpleaniversario-255x170.jpg 255w, https:\/\/alayatenerife.com\/wp-content\/uploads\/2025\/11\/decoracioncumpleaniversario-150x100.jpg 150w\" sizes=\"(max-width: 2560px) 100vw, 2560px\" title=\"\">\t                <\/div>\n                <div class=\"cs-fc-content\">\t\t\t            <h6 class=\"cs-fc-title cs-title\">\n\t\t\t                D\u00e9coration d'anniversaire\t\t\t            <\/h6>\t\t\t            <div class=\"cs-fc-text\">\n\t\t\t                <p>Ballons d'anniversaire, ballons avec chiffres, champagne et chocolats<\/p><p><strong>100\u20ac<\/strong><\/p><p><a href=\"https:\/\/buy.stripe.com\/8x23cu8oS4Ir3vR2GIffy04\" target=\"_blank\" rel=\"noopener\"><strong>Payer maintenant<\/strong><\/a><\/p>\t\t\t            <\/div>\t\t\t\t<\/div>\n            <\/div>\n        <\/div>\t\t\t\t<\/div>\n\t\t\t\t<\/div>\n\t\t\t\t\t<\/div>\n\t\t<\/div>\n\t\t\t\t\t<\/div>\n\t\t<\/section>\n\t\t\t\t<section class=\"elementor-section elementor-top-section elementor-element elementor-element-1c5eeea elementor-section-boxed elementor-section-height-default elementor-section-height-default\" data-id=\"1c5eeea\" data-element_type=\"section\" data-e-type=\"section\">\n\t\t\t\t\t\t<div class=\"elementor-container elementor-column-gap-no\">\n\t\t\t\t\t<div class=\"elementor-column elementor-col-33 elementor-top-column elementor-element elementor-element-96e3d70\" data-id=\"96e3d70\" data-element_type=\"column\" data-e-type=\"column\">\n\t\t\t<div class=\"elementor-widget-wrap elementor-element-populated\">\n\t\t\t\t\t\t<div class=\"elementor-element elementor-element-037f811 elementor-widget elementor-widget-cs_fancy_card\" data-id=\"037f811\" data-element_type=\"widget\" data-e-type=\"widget\" data-widget_type=\"cs_fancy_card.default\">\n\t\t\t\t<div class=\"elementor-widget-container\">\n\t\t\t\t\t\n\t\t<div class=\"cs-fancy-card style-1 text-center cs-hover-img-zoom\">\n            <div class=\"cs-fc-wrap\">\t               \t<div class=\"cs-fc-img\">\n\t                    <img loading=\"lazy\" decoding=\"async\" width=\"2560\" height=\"1706\" src=\"https:\/\/alayatenerife.com\/wp-content\/uploads\/2025\/11\/flores.jpg\" class=\"attachment-full size-full wp-image-3604\" alt=\"Bouquet de fleurs Alaya\" srcset=\"https:\/\/alayatenerife.com\/wp-content\/uploads\/2025\/11\/flores.jpg 2560w, https:\/\/alayatenerife.com\/wp-content\/uploads\/2025\/11\/flores-300x200.jpg 300w, https:\/\/alayatenerife.com\/wp-content\/uploads\/2025\/11\/flores-1024x682.jpg 1024w, https:\/\/alayatenerife.com\/wp-content\/uploads\/2025\/11\/flores-768x512.jpg 768w, https:\/\/alayatenerife.com\/wp-content\/uploads\/2025\/11\/flores-1536x1024.jpg 1536w, https:\/\/alayatenerife.com\/wp-content\/uploads\/2025\/11\/flores-2048x1365.jpg 2048w, https:\/\/alayatenerife.com\/wp-content\/uploads\/2025\/11\/flores-18x12.jpg 18w, https:\/\/alayatenerife.com\/wp-content\/uploads\/2025\/11\/flores-1920x1280.jpg 1920w, https:\/\/alayatenerife.com\/wp-content\/uploads\/2025\/11\/flores-1440x960.jpg 1440w, https:\/\/alayatenerife.com\/wp-content\/uploads\/2025\/11\/flores-1200x800.jpg 1200w, https:\/\/alayatenerife.com\/wp-content\/uploads\/2025\/11\/flores-780x520.jpg 780w, https:\/\/alayatenerife.com\/wp-content\/uploads\/2025\/11\/flores-600x400.jpg 600w, https:\/\/alayatenerife.com\/wp-content\/uploads\/2025\/11\/flores-550x367.jpg 550w, https:\/\/alayatenerife.com\/wp-content\/uploads\/2025\/11\/flores-370x247.jpg 370w, https:\/\/alayatenerife.com\/wp-content\/uploads\/2025\/11\/flores-255x170.jpg 255w, https:\/\/alayatenerife.com\/wp-content\/uploads\/2025\/11\/flores-150x100.jpg 150w\" sizes=\"(max-width: 2560px) 100vw, 2560px\" title=\"\">\t                <\/div>\n                <div class=\"cs-fc-content\">\t\t\t            <h6 class=\"cs-fc-title cs-title\">\n\t\t\t                Bouquet de fleurs\/roses\t\t\t            <\/h6>\t\t\t            <div class=\"cs-fc-text\">\n\t\t\t                <p>Surprenez avec un bouquet de roses.<\/p><p><strong>80\u20ac<br \/><a href=\"https:\/\/buy.stripe.com\/00w00ibB4fn5c2n3KMffy0j\" target=\"_blank\" rel=\"noopener\">Payer maintenant<\/a><\/strong><\/p>\t\t\t            <\/div>\t\t\t\t<\/div>\n            <\/div>\n        <\/div>\t\t\t\t<\/div>\n\t\t\t\t<\/div>\n\t\t\t\t\t<\/div>\n\t\t<\/div>\n\t\t\t\t<div class=\"elementor-column elementor-col-33 elementor-top-column elementor-element elementor-element-2955563\" data-id=\"2955563\" data-element_type=\"column\" data-e-type=\"column\">\n\t\t\t<div class=\"elementor-widget-wrap elementor-element-populated\">\n\t\t\t\t\t\t<div class=\"elementor-element elementor-element-7d8fe83 elementor-widget elementor-widget-cs_fancy_card\" data-id=\"7d8fe83\" data-element_type=\"widget\" data-e-type=\"widget\" data-widget_type=\"cs_fancy_card.default\">\n\t\t\t\t<div class=\"elementor-widget-container\">\n\t\t\t\t\t\n\t\t<div class=\"cs-fancy-card style-1 text-center cs-hover-img-zoom\">\n            <div class=\"cs-fc-wrap\">\t               \t<div class=\"cs-fc-img\">\n\t                    <img loading=\"lazy\" decoding=\"async\" width=\"2365\" height=\"1577\" src=\"https:\/\/alayatenerife.com\/wp-content\/uploads\/2026\/01\/alayabandeja-1.jpg\" class=\"attachment-full size-full wp-image-6368\" alt=\"Location de plateaux Alaya\" srcset=\"https:\/\/alayatenerife.com\/wp-content\/uploads\/2026\/01\/alayabandeja-1.jpg 2365w, https:\/\/alayatenerife.com\/wp-content\/uploads\/2026\/01\/alayabandeja-1-300x200.jpg 300w, https:\/\/alayatenerife.com\/wp-content\/uploads\/2026\/01\/alayabandeja-1-1024x683.jpg 1024w, https:\/\/alayatenerife.com\/wp-content\/uploads\/2026\/01\/alayabandeja-1-768x512.jpg 768w, https:\/\/alayatenerife.com\/wp-content\/uploads\/2026\/01\/alayabandeja-1-1536x1024.jpg 1536w, https:\/\/alayatenerife.com\/wp-content\/uploads\/2026\/01\/alayabandeja-1-2048x1366.jpg 2048w, https:\/\/alayatenerife.com\/wp-content\/uploads\/2026\/01\/alayabandeja-1-18x12.jpg 18w, https:\/\/alayatenerife.com\/wp-content\/uploads\/2026\/01\/alayabandeja-1-1920x1280.jpg 1920w, https:\/\/alayatenerife.com\/wp-content\/uploads\/2026\/01\/alayabandeja-1-1440x960.jpg 1440w, https:\/\/alayatenerife.com\/wp-content\/uploads\/2026\/01\/alayabandeja-1-1200x800.jpg 1200w, https:\/\/alayatenerife.com\/wp-content\/uploads\/2026\/01\/alayabandeja-1-780x520.jpg 780w, https:\/\/alayatenerife.com\/wp-content\/uploads\/2026\/01\/alayabandeja-1-600x400.jpg 600w, https:\/\/alayatenerife.com\/wp-content\/uploads\/2026\/01\/alayabandeja-1-550x367.jpg 550w, https:\/\/alayatenerife.com\/wp-content\/uploads\/2026\/01\/alayabandeja-1-370x247.jpg 370w, https:\/\/alayatenerife.com\/wp-content\/uploads\/2026\/01\/alayabandeja-1-255x170.jpg 255w, https:\/\/alayatenerife.com\/wp-content\/uploads\/2026\/01\/alayabandeja-1-150x100.jpg 150w\" sizes=\"(max-width: 2365px) 100vw, 2365px\" title=\"\">\t                <\/div>\n                <div class=\"cs-fc-content\">\t\t\t            <h6 class=\"cs-fc-title cs-title\">\n\t\t\t                Location de plateaux flottants\t\t\t            <\/h6>\t\t\t            <div class=\"cs-fc-text\">\n\t\t\t                <p>Nous ne proposons pas de services de restauration, ce service consiste uniquement en la location d'un plateau flottant. Disponibilit\u00e9 limit\u00e9e.<\/p>\n<p><strong>20\/jour<br>Payer maintenant<\/strong><\/p>\t\t\t            <\/div>\t\t\t\t<\/div>\n            <\/div>\n        <\/div>\t\t\t\t<\/div>\n\t\t\t\t<\/div>\n\t\t\t\t\t<\/div>\n\t\t<\/div>\n\t\t\t\t<div class=\"elementor-column elementor-col-33 elementor-top-column elementor-element elementor-element-993de25\" data-id=\"993de25\" data-element_type=\"column\" data-e-type=\"column\">\n\t\t\t<div class=\"elementor-widget-wrap elementor-element-populated\">\n\t\t\t\t\t\t<div class=\"elementor-element elementor-element-10ff3d2 elementor-widget elementor-widget-cs_fancy_card\" data-id=\"10ff3d2\" data-element_type=\"widget\" data-e-type=\"widget\" data-widget_type=\"cs_fancy_card.default\">\n\t\t\t\t<div class=\"elementor-widget-container\">\n\t\t\t\t\t\n\t\t<div class=\"cs-fancy-card style-1 text-center cs-hover-img-zoom\">\n            <div class=\"cs-fc-wrap\">\t               \t<div class=\"cs-fc-img\">\n\t                    <img loading=\"lazy\" decoding=\"async\" width=\"930\" height=\"622\" src=\"https:\/\/alayatenerife.com\/wp-content\/uploads\/2025\/12\/fotografoalaya-e1765016616588.jpg\" class=\"attachment-full size-full wp-image-3923\" alt=\"Service photographique de la Finca Alaya\" srcset=\"https:\/\/alayatenerife.com\/wp-content\/uploads\/2025\/12\/fotografoalaya-e1765016616588.jpg 930w, https:\/\/alayatenerife.com\/wp-content\/uploads\/2025\/12\/fotografoalaya-e1765016616588-300x201.jpg 300w, https:\/\/alayatenerife.com\/wp-content\/uploads\/2025\/12\/fotografoalaya-e1765016616588-768x514.jpg 768w, https:\/\/alayatenerife.com\/wp-content\/uploads\/2025\/12\/fotografoalaya-e1765016616588-18x12.jpg 18w, https:\/\/alayatenerife.com\/wp-content\/uploads\/2025\/12\/fotografoalaya-e1765016616588-780x522.jpg 780w, https:\/\/alayatenerife.com\/wp-content\/uploads\/2025\/12\/fotografoalaya-e1765016616588-600x401.jpg 600w, https:\/\/alayatenerife.com\/wp-content\/uploads\/2025\/12\/fotografoalaya-e1765016616588-550x368.jpg 550w, https:\/\/alayatenerife.com\/wp-content\/uploads\/2025\/12\/fotografoalaya-e1765016616588-370x247.jpg 370w, https:\/\/alayatenerife.com\/wp-content\/uploads\/2025\/12\/fotografoalaya-e1765016616588-255x171.jpg 255w, https:\/\/alayatenerife.com\/wp-content\/uploads\/2025\/12\/fotografoalaya-e1765016616588-150x100.jpg 150w\" sizes=\"(max-width: 930px) 100vw, 930px\" title=\"\">\t                <\/div>\n                <div class=\"cs-fc-content\">\t\t\t            <h6 class=\"cs-fc-title cs-title\">\n\t\t\t                S\u00e9ance photo professionnelle\t\t\t            <\/h6>\t\t\t            <div class=\"cs-fc-text\">\n\t\t\t                <p>S\u00e9ance photo avec un photographe professionnel \u00e0 Finca Alaya<\/p><p><strong>400\u20ac<\/strong><\/p>\t\t\t            <\/div>\t\t\t\t<\/div>\n            <\/div>\n        <\/div>\t\t\t\t<\/div>\n\t\t\t\t<\/div>\n\t\t\t\t\t<\/div>\n\t\t<\/div>\n\t\t\t\t\t<\/div>\n\t\t<\/section>\n\t\t<div class=\"elementor-element elementor-element-8a8d27b e-flex e-con-boxed e-con e-parent\" data-id=\"8a8d27b\" data-element_type=\"container\" data-e-type=\"container\">\n\t\t\t\t\t<div class=\"e-con-inner\">\n\t\t\t\t<div class=\"elementor-element elementor-element-c1bfca1 elementor-widget elementor-widget-text-editor\" data-id=\"c1bfca1\" data-element_type=\"widget\" data-e-type=\"widget\" data-widget_type=\"text-editor.default\">\n\t\t\t\t<div class=\"elementor-widget-container\">\n\t\t\t\t\t\t\t\t\t<p data-start=\"138\" data-end=\"284\"><strong>IMPORTANT :<\/strong> Les produits comestibles inclus dans les d\u00e9corations, tels que le vin, les chocolats ou d'autres friandises gastronomiques, sont inclus pour la consommation. En revanche, les \u00e9l\u00e9ments d\u00e9coratifs utilis\u00e9s pour la mise en sc\u00e8ne ne sont pas inclus dans le cadeau et ne peuvent pas \u00eatre retir\u00e9s. En cas de vol d'un objet, le co\u00fbt de remplacement correspondant sera factur\u00e9 s\u00e9par\u00e9ment.<\/p>\t\t\t\t\t\t\t\t<\/div>\n\t\t\t\t<\/div>\n\t\t\t\t<div class=\"elementor-element elementor-element-e8bb614 elementor-widget elementor-widget-text-editor\" data-id=\"e8bb614\" data-element_type=\"widget\" data-e-type=\"widget\" data-widget_type=\"text-editor.default\">\n\t\t\t\t<div class=\"elementor-widget-container\">\n\t\t\t\t\t\t\t\t\t<p><strong>Avis :<\/strong> Les images pr\u00e9sent\u00e9es sont indicatives, la d\u00e9coration ou les produits utilis\u00e9s pour la d\u00e9coration peuvent varier.<\/p>\t\t\t\t\t\t\t\t<\/div>\n\t\t\t\t<\/div>\n\t\t\t\t\t<\/div>\n\t\t\t\t<\/div>\n\t\t\t\t<\/div>","protected":false},"excerpt":{"rendered":"<p>Decoraci\u00f3n Rom\u00e1ntica B\u00e1sica P\u00e9talos de Rosas y Globos de Coraz\u00f3n 50\u20ac Pagar Ahora Decoraci\u00f3n Rom\u00e1ntica Premium P\u00e9talos de Rosas, Globos de Coraz\u00f3n, Champ\u00e1n\/Cava y Caja de Chocolates. 100\u20ac Pagar Ahora Decoraci\u00f3n Aniversario\/Cumplea\u00f1os Globos Feliz Cumplea\u00f1os o Aniversario, Globos con N\u00fameros, Champ\u00e1n y Bombones 100\u20ac Pagar Ahora Ramo de Flores\/Rosas Sorprende con un ramo de rosas. &#8230;<\/p>","protected":false},"author":1,"featured_media":0,"parent":0,"menu_order":0,"comment_status":"closed","ping_status":"closed","template":"template-fullwidth.php","meta":{"cozystay_single_page_hide_site_header":"","cozystay_single_page_site_header_source":"","cozystay_single_page_custom_site_header":"","cozystay_single_page_custom_sticky_site_header":"","cozystay_single_page_hide_page_title":"","cozystay_single_page_header_section_size":"","cozystay_single_page_header_background_color":"","cozystay_single_page_header_background_position_x":"center","cozystay_single_page_header_background_position_y":"center","cozystay_single_page_header_background_size":"cover","cozystay_single_page_header_background_repeat":"off","cozystay_single_page_header_background_scroll":"on","cozystay_single_page_header_text_color":"","cozystay_single_page_header_show_breadcrumb":"","cozystay_single_page_site_footer_hide_main":"","cozystay_single_custom_site_footer_main_source":"","cozystay_single_custom_site_footer_main":"","cozystay_single_page_site_footer_hide_above":"","cozystay_single_custom_site_footer_above_source":"","cozystay_single_custom_site_footer_above":"","cozystay_single_page_site_footer_hide_instagram":"","cozystay_single_page_site_footer_hide_bottom":"","cozystay_single_custom_mobile_menu_source":"","cozystay_single_custom_mobile_menu":"","cozystay_single_custom_mobile_menu_animation":"","cozystay_single_custom_mobile_menu_width":"","cozystay_single_custom_mobile_menu_custom_width":375,"footnotes":""},"class_list":["post-3581","page","type-page","status-publish","hentry"],"_links":{"self":[{"href":"https:\/\/alayatenerife.com\/fr\/wp-json\/wp\/v2\/pages\/3581","targetHints":{"allow":["GET"]}}],"collection":[{"href":"https:\/\/alayatenerife.com\/fr\/wp-json\/wp\/v2\/pages"}],"about":[{"href":"https:\/\/alayatenerife.com\/fr\/wp-json\/wp\/v2\/types\/page"}],"author":[{"embeddable":true,"href":"https:\/\/alayatenerife.com\/fr\/wp-json\/wp\/v2\/users\/1"}],"replies":[{"embeddable":true,"href":"https:\/\/alayatenerife.com\/fr\/wp-json\/wp\/v2\/comments?post=3581"}],"version-history":[{"count":85,"href":"https:\/\/alayatenerife.com\/fr\/wp-json\/wp\/v2\/pages\/3581\/revisions"}],"predecessor-version":[{"id":7456,"href":"https:\/\/alayatenerife.com\/fr\/wp-json\/wp\/v2\/pages\/3581\/revisions\/7456"}],"wp:attachment":[{"href":"https:\/\/alayatenerife.com\/fr\/wp-json\/wp\/v2\/media?parent=3581"}],"curies":[{"name":"wp","href":"https:\/\/api.w.org\/{rel}","templated":true}]}}