{"id":7338,"date":"2026-03-01T18:38:31","date_gmt":"2026-03-01T18:38:31","guid":{"rendered":"https:\/\/alayatenerife.com\/?page_id=7338"},"modified":"2026-03-01T18:38:31","modified_gmt":"2026-03-01T18:38:31","slug":"normativa","status":"publish","type":"page","link":"https:\/\/alayatenerife.com\/en\/normativa\/","title":{"rendered":"Regulations"},"content":{"rendered":"<p data-start=\"274\" data-end=\"382\"><strong>At the time of booking, you confirm that you have read, understood and agree to the following rules:<\/strong><\/p>\n<p>- Bubble Rooms are designed for a maximum of 2 adults.<\/p>\n<p>- Check in from 14:00h to 23:00.<\/p>\n<p>- Check out until 12:00.<\/p>\n<p>- Late check out only upon availability.<\/p>\n<p>- Smoking is not permitted inside the Bubble Rooms. In case of non-compliance, a charge of \u20ac300 for specialised cleaning will be applied.<\/p>\n<p data-start=\"842\" data-end=\"1055\">- It is forbidden to make any kind of decoration inside the bubble with candles, natural petals, confetti or adhesive elements. Any damage or additional cleaning will be charged to the guest.<\/p>\n<p data-start=\"1059\" data-end=\"1212\">- The use of drones is not permitted without express authorisation, as this is private property and the privacy of other guests must be respected.<\/p>\n<p data-start=\"1216\" data-end=\"1300\">- The rest and privacy of other guests must be respected at all times.<\/p>\n<p data-start=\"1304\" data-end=\"1396\">- It is forbidden to light fires, use fireworks or any inflammable element.<\/p>\n<p data-start=\"1400\" data-end=\"1527\">- The hot tub must be used responsibly. It is not permitted to introduce glass or objects that could damage the system.<\/p>\n<p data-start=\"1531\" data-end=\"1712\">- All objects, furniture and decorative elements are part of the accommodation. In case of damage or theft, the corresponding amount will be charged.<\/p>\n<p data-start=\"1836\" data-end=\"1859\">- Pets are not allowed.<\/p>\n<p data-start=\"1863\" data-end=\"2032\">- The company reserves the right to charge the card provided for additional services, damage or non-compliance with regulations.<\/p>","protected":false},"excerpt":{"rendered":"<p>En el momento de realizar la reserva, usted confirma que ha le\u00eddo, entendido y acepta las siguientes normas: &#8211; Las Bubble Rooms est\u00e1n dise\u00f1adas para un m\u00e1ximo de 2 adultos. &#8211; Check in de 14:00h a 23:00. &#8211; Check out hasta las 12:00. &#8211; Late check out s\u00f3lo bajo disponibilidad. &#8211; No est\u00e1 permitido fumar &#8230;<\/p>","protected":false},"author":1,"featured_media":0,"parent":0,"menu_order":0,"comment_status":"closed","ping_status":"closed","template":"","meta":{"cozystay_single_page_hide_site_header":"","cozystay_single_page_site_header_source":"","cozystay_single_page_custom_site_header":"","cozystay_single_page_custom_sticky_site_header":"","cozystay_single_page_hide_page_title":"","cozystay_single_page_header_section_size":"","cozystay_single_page_header_background_color":"","cozystay_single_page_header_background_position_x":"center","cozystay_single_page_header_background_position_y":"center","cozystay_single_page_header_background_size":"cover","cozystay_single_page_header_background_repeat":"off","cozystay_single_page_header_background_scroll":"on","cozystay_single_page_header_text_color":"","cozystay_single_page_header_show_breadcrumb":"","cozystay_single_page_site_footer_hide_main":"","cozystay_single_custom_site_footer_main_source":"","cozystay_single_custom_site_footer_main":"","cozystay_single_page_site_footer_hide_above":"","cozystay_single_custom_site_footer_above_source":"","cozystay_single_custom_site_footer_above":"","cozystay_single_page_site_footer_hide_instagram":"","cozystay_single_page_site_footer_hide_bottom":"","cozystay_single_custom_mobile_menu_source":"","cozystay_single_custom_mobile_menu":"","cozystay_single_custom_mobile_menu_animation":"","cozystay_single_custom_mobile_menu_width":"","cozystay_single_custom_mobile_menu_custom_width":375,"footnotes":""},"class_list":["post-7338","page","type-page","status-publish","hentry"],"_links":{"self":[{"href":"https:\/\/alayatenerife.com\/en\/wp-json\/wp\/v2\/pages\/7338","targetHints":{"allow":["GET"]}}],"collection":[{"href":"https:\/\/alayatenerife.com\/en\/wp-json\/wp\/v2\/pages"}],"about":[{"href":"https:\/\/alayatenerife.com\/en\/wp-json\/wp\/v2\/types\/page"}],"author":[{"embeddable":true,"href":"https:\/\/alayatenerife.com\/en\/wp-json\/wp\/v2\/users\/1"}],"replies":[{"embeddable":true,"href":"https:\/\/alayatenerife.com\/en\/wp-json\/wp\/v2\/comments?post=7338"}],"version-history":[{"count":1,"href":"https:\/\/alayatenerife.com\/en\/wp-json\/wp\/v2\/pages\/7338\/revisions"}],"predecessor-version":[{"id":7339,"href":"https:\/\/alayatenerife.com\/en\/wp-json\/wp\/v2\/pages\/7338\/revisions\/7339"}],"wp:attachment":[{"href":"https:\/\/alayatenerife.com\/en\/wp-json\/wp\/v2\/media?parent=7338"}],"curies":[{"name":"wp","href":"https:\/\/api.w.org\/{rel}","templated":true}]}}