{"id":3277,"date":"2025-11-21T20:52:09","date_gmt":"2025-11-21T20:52:09","guid":{"rendered":"https:\/\/alayatenerife.com\/?post_type=product&#038;p=3277"},"modified":"2026-02-11T14:26:53","modified_gmt":"2026-02-11T14:26:53","slug":"bono-regalo","status":"publish","type":"product","link":"https:\/\/alayatenerife.com\/de\/shop\/bono-regalo\/","title":{"rendered":"Geschenkgutschein \"Bubble Suite Experience"},"content":{"rendered":"<p><strong>Dies ist ein Geschenkgutschein f\u00fcr das hier beworbene Bubble Suite Erlebnis: <a href=\"https:\/\/alayatenerife.com\/de\/room\/experiencia-burbuja\/\">https:\/\/alayatenerife.com\/room\/experiencia-burbuja\/<\/a><\/strong><\/p>\n<p data-start=\"182\" data-end=\"384\">Verschenken Sie einen Moment, den Sie nie vergessen werden. Unser Geschenkgutschein f\u00fcr das Bubble Room Experience im Alaya Teneriffa ist die beste Art, jemanden mit einem einzigartigen Urlaub auf der Insel zu \u00fcberraschen.<\/p>\n<p data-start=\"386\" data-end=\"645\">Las Burbujas bietet eine intime Atmosph\u00e4re inmitten der Natur, mit privatem Jacuzzi, rundem Bett und weitem Meerblick. Es ist eine Erfahrung, um abzuschalten, den Himmel vom Bett aus zu betrachten und eine friedliche Umgebung im S\u00fcden von Teneriffa zu genie\u00dfen.<\/p>\n<p data-start=\"647\" data-end=\"892\">Der Gutschein beinhaltet den Zugang zum beheizten Swimmingpool am Strand, zu den Ruhezonen und zu einer perfekten Umgebung zum Entspannen. Er ist ein ideales Geschenk f\u00fcr Jubil\u00e4en, Geburtstage, romantische Ausfl\u00fcge oder f\u00fcr diejenigen, die etwas anderes auf Teneriffa erleben m\u00f6chten.<\/p>\n<p data-start=\"894\" data-end=\"1096\">Sobald Sie den Gutschein gekauft haben, m\u00fcssen Sie sich mit uns in Verbindung setzen, um das Datum zu w\u00e4hlen, an dem Sie Ihren Aufenthalt einl\u00f6sen m\u00f6chten. Die G\u00fcltigkeit des Gutscheins erm\u00f6glicht es Ihnen, Ihren Aufenthalt in aller Ruhe zu planen.<\/p>\n<p data-start=\"1098\" data-end=\"1172\" data-is-last-node=\"\" data-is-only-node=\"\">\u00dcberraschen Sie mit einem Geschenk, das gelebt und gef\u00fchlt wird und f\u00fcr immer in Erinnerung bleibt.<\/p>","protected":false},"excerpt":{"rendered":"<p>G\u00f6nnen Sie sich ein unvergessliches Erlebnis auf Teneriffa mit unseren Bubble Rooms. Privater Whirlpool, beheizter Pool im Strandstil, spektakul\u00e4re Aussicht und ein einzigartiges Erlebnis.<\/p>\n<p>Nach dem Kauf des Geschenkgutscheins m\u00fcssen Sie sich mit uns in Verbindung setzen, um das Datum zu w\u00e4hlen, an dem Sie den Aufenthalt einl\u00f6sen m\u00f6chten. Der Gutschein ist 6 Monate lang g\u00fcltig.<\/p>\n<p>Der Gutschein ist f\u00fcr den Standardpreis g\u00fcltig und gilt nicht f\u00fcr besondere Daten wie Valentinstag, Feiertage, Samstag oder andere Tage, an denen der Preis abweicht. Wenn Sie an einem Datum mit einem Sonderpreis buchen m\u00f6chten, k\u00f6nnen Sie die entsprechende Differenz bezahlen.<\/p>","protected":false},"featured_media":2810,"template":"","meta":[],"product_brand":[],"product_cat":[64],"product_tag":[],"class_list":{"0":"post-3277","1":"product","2":"type-product","3":"status-publish","4":"has-post-thumbnail","6":"product_cat-bono-regalo","8":"first","9":"instock","10":"shipping-taxable","11":"purchasable","12":"product-type-variable"},"_links":{"self":[{"href":"https:\/\/alayatenerife.com\/de\/wp-json\/wp\/v2\/product\/3277","targetHints":{"allow":["GET"]}}],"collection":[{"href":"https:\/\/alayatenerife.com\/de\/wp-json\/wp\/v2\/product"}],"about":[{"href":"https:\/\/alayatenerife.com\/de\/wp-json\/wp\/v2\/types\/product"}],"wp:featuredmedia":[{"embeddable":true,"href":"https:\/\/alayatenerife.com\/de\/wp-json\/wp\/v2\/media\/2810"}],"wp:attachment":[{"href":"https:\/\/alayatenerife.com\/de\/wp-json\/wp\/v2\/media?parent=3277"}],"wp:term":[{"taxonomy":"product_brand","embeddable":true,"href":"https:\/\/alayatenerife.com\/de\/wp-json\/wp\/v2\/product_brand?post=3277"},{"taxonomy":"product_cat","embeddable":true,"href":"https:\/\/alayatenerife.com\/de\/wp-json\/wp\/v2\/product_cat?post=3277"},{"taxonomy":"product_tag","embeddable":true,"href":"https:\/\/alayatenerife.com\/de\/wp-json\/wp\/v2\/product_tag?post=3277"}],"curies":[{"name":"wp","href":"https:\/\/api.w.org\/{rel}","templated":true}]}}