{"id":7338,"date":"2026-03-01T18:38:31","date_gmt":"2026-03-01T18:38:31","guid":{"rendered":"https:\/\/alayatenerife.com\/?page_id=7338"},"modified":"2026-03-01T18:38:31","modified_gmt":"2026-03-01T18:38:31","slug":"normativa","status":"publish","type":"page","link":"https:\/\/alayatenerife.com\/de\/normativa\/","title":{"rendered":"Verordnungen"},"content":{"rendered":"<p data-start=\"274\" data-end=\"382\"><strong>Bei der Buchung best\u00e4tigen Sie, dass Sie die folgenden Regeln gelesen und verstanden haben und mit ihnen einverstanden sind:<\/strong><\/p>\n<p>- Die Bubble Rooms sind f\u00fcr maximal 2 Erwachsene ausgelegt.<\/p>\n<p>- Einchecken von 14:00h bis 23:00h.<\/p>\n<p>- Auschecken bis 12:00 Uhr.<\/p>\n<p>- Sp\u00e4ter Check-out nur nach Verf\u00fcgbarkeit.<\/p>\n<p>- Das Rauchen ist in den Bubble Rooms nicht gestattet. Bei Nichteinhaltung wird eine Geb\u00fchr von 300 \u20ac f\u00fcr die Spezialreinigung erhoben.<\/p>\n<p data-start=\"842\" data-end=\"1055\">- Es ist verboten, im Inneren der Blase irgendeine Art von Dekoration mit Kerzen, nat\u00fcrlichen Bl\u00fctenbl\u00e4ttern, Konfetti oder Klebeelementen anzubringen. Jede Besch\u00e4digung oder zus\u00e4tzliche Reinigung wird dem Gast in Rechnung gestellt.<\/p>\n<p data-start=\"1059\" data-end=\"1212\">- Der Einsatz von Drohnen ist ohne ausdr\u00fcckliche Genehmigung nicht gestattet, da es sich um Privatbesitz handelt und die Privatsph\u00e4re anderer G\u00e4ste respektiert werden muss.<\/p>\n<p data-start=\"1216\" data-end=\"1300\">- Die Ruhe und die Privatsph\u00e4re der anderen G\u00e4ste m\u00fcssen jederzeit respektiert werden.<\/p>\n<p data-start=\"1304\" data-end=\"1396\">- Es ist verboten, Feuer zu entz\u00fcnden, Feuerwerksk\u00f6rper oder andere brennbare Elemente zu verwenden.<\/p>\n<p data-start=\"1400\" data-end=\"1527\">- Der Whirlpool muss verantwortungsvoll genutzt werden. Es ist nicht erlaubt, Glas oder Gegenst\u00e4nde einzuf\u00fchren, die das System besch\u00e4digen k\u00f6nnten.<\/p>\n<p data-start=\"1531\" data-end=\"1712\">- Alle Gegenst\u00e4nde, M\u00f6bel und Dekorationselemente sind Teil der Unterkunft. Im Falle einer Besch\u00e4digung oder eines Diebstahls wird der entsprechende Betrag in Rechnung gestellt.<\/p>\n<p data-start=\"1836\" data-end=\"1859\">- Haustiere sind nicht erlaubt.<\/p>\n<p data-start=\"1863\" data-end=\"2032\">- Das Unternehmen beh\u00e4lt sich das Recht vor, die angegebene Karte f\u00fcr zus\u00e4tzliche Leistungen, Sch\u00e4den oder Nichteinhaltung von Vorschriften zu belasten.<\/p>","protected":false},"excerpt":{"rendered":"<p>En el momento de realizar la reserva, usted confirma que ha le\u00eddo, entendido y acepta las siguientes normas: &#8211; Las Bubble Rooms est\u00e1n dise\u00f1adas para un m\u00e1ximo de 2 adultos. &#8211; Check in de 14:00h a 23:00. &#8211; Check out hasta las 12:00. &#8211; Late check out s\u00f3lo bajo disponibilidad. &#8211; No est\u00e1 permitido fumar &#8230;<\/p>","protected":false},"author":1,"featured_media":0,"parent":0,"menu_order":0,"comment_status":"closed","ping_status":"closed","template":"","meta":{"cozystay_single_page_hide_site_header":"","cozystay_single_page_site_header_source":"","cozystay_single_page_custom_site_header":"","cozystay_single_page_custom_sticky_site_header":"","cozystay_single_page_hide_page_title":"","cozystay_single_page_header_section_size":"","cozystay_single_page_header_background_color":"","cozystay_single_page_header_background_position_x":"center","cozystay_single_page_header_background_position_y":"center","cozystay_single_page_header_background_size":"cover","cozystay_single_page_header_background_repeat":"off","cozystay_single_page_header_background_scroll":"on","cozystay_single_page_header_text_color":"","cozystay_single_page_header_show_breadcrumb":"","cozystay_single_page_site_footer_hide_main":"","cozystay_single_custom_site_footer_main_source":"","cozystay_single_custom_site_footer_main":"","cozystay_single_page_site_footer_hide_above":"","cozystay_single_custom_site_footer_above_source":"","cozystay_single_custom_site_footer_above":"","cozystay_single_page_site_footer_hide_instagram":"","cozystay_single_page_site_footer_hide_bottom":"","cozystay_single_custom_mobile_menu_source":"","cozystay_single_custom_mobile_menu":"","cozystay_single_custom_mobile_menu_animation":"","cozystay_single_custom_mobile_menu_width":"","cozystay_single_custom_mobile_menu_custom_width":375,"footnotes":""},"class_list":["post-7338","page","type-page","status-publish","hentry"],"_links":{"self":[{"href":"https:\/\/alayatenerife.com\/de\/wp-json\/wp\/v2\/pages\/7338","targetHints":{"allow":["GET"]}}],"collection":[{"href":"https:\/\/alayatenerife.com\/de\/wp-json\/wp\/v2\/pages"}],"about":[{"href":"https:\/\/alayatenerife.com\/de\/wp-json\/wp\/v2\/types\/page"}],"author":[{"embeddable":true,"href":"https:\/\/alayatenerife.com\/de\/wp-json\/wp\/v2\/users\/1"}],"replies":[{"embeddable":true,"href":"https:\/\/alayatenerife.com\/de\/wp-json\/wp\/v2\/comments?post=7338"}],"version-history":[{"count":1,"href":"https:\/\/alayatenerife.com\/de\/wp-json\/wp\/v2\/pages\/7338\/revisions"}],"predecessor-version":[{"id":7339,"href":"https:\/\/alayatenerife.com\/de\/wp-json\/wp\/v2\/pages\/7338\/revisions\/7339"}],"wp:attachment":[{"href":"https:\/\/alayatenerife.com\/de\/wp-json\/wp\/v2\/media?parent=7338"}],"curies":[{"name":"wp","href":"https:\/\/api.w.org\/{rel}","templated":true}]}}